{"id":80656,"date":"2025-07-14T16:01:39","date_gmt":"2025-07-14T13:01:39","guid":{"rendered":"https:\/\/demo8.ecube.lv\/sezona.lv\/products\/norfin-thermax-ziemas-kostims\/"},"modified":"2025-07-14T16:01:39","modified_gmt":"2025-07-14T13:01:39","slug":"norfin-thermax-ziemas-kostims","status":"publish","type":"product","link":"https:\/\/sezona.lv\/en\/products\/norfin-thermax-ziemas-kostims\/","title":{"rendered":"Norfin THERMAX ziemas kost\u012bms"},"content":{"rendered":"<p><span style=\", sans-serif;font-size: 19px;text-align: justify\">Ziemas kost\u012bms no \u016bdens un v\u0113ja necaurlaid\u012bga materi\u0101la, paredz\u0113ts izmanto&scaron;anai gaisa temperat\u016br\u0101 l\u012bdz -20C. Sportisk\u0101 un lakonisk\u0101 piegrieztne lieliski der\u0113s ne tikai mak&scaron;\u0137erniekiem spiningot\u0101jiem, bet ar\u012b citiem akt\u012bv\u0101s atp\u016btas cien\u012bt\u0101jiem.<\/span><\/p>\n<dt style=\"line-height: 1.42857;font-weight: 700;, sans-serif;font-size: 19px;text-align: justify\">JAKA:<\/dt>\n<li style=\", sans-serif;font-size: 19px\">Nol\u012bm\u0113tas &scaron;uves<\/li>\n<li style=\", sans-serif;font-size: 19px\">Ar r\u0101v\u0113jsl\u0113dz\u0113ju stiprin\u0101ma kapuce<\/li>\n<li style=\", sans-serif;font-size: 19px\">Savelkama kapuce ar fiksatoru un nadzi\u0146u<\/li>\n<li style=\", sans-serif;font-size: 19px\">Iek&scaron;kabata un kr\u016b&scaron;u kabata<\/li>\n<li style=\", sans-serif;font-size: 19px\">Divas roku sild\u0101m\u0101s kabatas ar r\u0101v\u0113jsl\u0113dz\u0113jiem<\/li>\n<li style=\", sans-serif;font-size: 19px\">Savelkama jakas apak&scaron;da\u013ca<\/li>\n<li style=\", sans-serif;font-size: 19px\">Pagarin\u0101tas, elast\u012bfgas man\u017eetes<\/li>\n<dt style=\"line-height: 1.42857;font-weight: 700;, sans-serif;font-size: 19px;text-align: justify\">BIKSES:<\/dt>\n<li style=\", sans-serif;font-size: 19px\">Lences ar regul\u0113jamu garumu<\/li>\n<li style=\", sans-serif;font-size: 19px\">Elast\u012bga josta<\/li>\n<li style=\", sans-serif;font-size: 19px\">\u0112rtas regul\u0113jamas lences<\/li>\n<li style=\", sans-serif;font-size: 19px\">R\u0101v\u0113jsl\u0113dz\u0113ji apak&scaron;da\u013c\u0101, kas \u013cauj uzvilkt bikses nenovelkot apavus<\/li>\n","protected":false},"excerpt":{"rendered":"<p>Ziemas kost\u012bms no \u016bdens un v\u0113ja necaurlaid\u012bga materi\u0101la, paredz\u0113ts izmanto&scaron;anai gaisa temperat\u016br\u0101 l\u012bdz -20C. Sportisk\u0101 un lakonisk\u0101 piegrieztne lieliski der\u0113s ne tikai mak&scaron;\u0137erniekiem spiningot\u0101jiem, bet ar\u012b citiem akt\u012bv\u0101s atp\u016btas cien\u012bt\u0101jiem. JAKA: Nol\u012bm\u0113tas &scaron;uves Ar r\u0101v\u0113jsl\u0113dz\u0113ju stiprin\u0101ma kapuce Savelkama kapuce ar fiksatoru un nadzi\u0146u Iek&scaron;kabata un kr\u016b&scaron;u kabata Divas roku sild\u0101m\u0101s kabatas ar r\u0101v\u0113jsl\u0113dz\u0113jiem Savelkama jakas [&hellip;]<\/p>\n","protected":false},"featured_media":0,"template":"","meta":[],"product_brand":[899],"product_cat":[4619,4620,4640,4993],"product_tag":[],"class_list":{"0":"post-80656","1":"product","2":"type-product","3":"status-publish","5":"product_brand-norfin","6":"product_cat-winter-clothes-recreation","7":"product_cat-norfin-suits-winter-suits-for-fishing","8":"product_cat-recreation","9":"product_cat-winter-suits-for-fishing-winter-clothes-recreation","11":"first","12":"instock","13":"shipping-taxable","14":"purchasable","15":"product-type-simple"},"_links":{"self":[{"href":"https:\/\/sezona.lv\/en\/wp-json\/wp\/v2\/product\/80656","targetHints":{"allow":["GET"]}}],"collection":[{"href":"https:\/\/sezona.lv\/en\/wp-json\/wp\/v2\/product"}],"about":[{"href":"https:\/\/sezona.lv\/en\/wp-json\/wp\/v2\/types\/product"}],"wp:attachment":[{"href":"https:\/\/sezona.lv\/en\/wp-json\/wp\/v2\/media?parent=80656"}],"wp:term":[{"taxonomy":"product_brand","embeddable":true,"href":"https:\/\/sezona.lv\/en\/wp-json\/wp\/v2\/product_brand?post=80656"},{"taxonomy":"product_cat","embeddable":true,"href":"https:\/\/sezona.lv\/en\/wp-json\/wp\/v2\/product_cat?post=80656"},{"taxonomy":"product_tag","embeddable":true,"href":"https:\/\/sezona.lv\/en\/wp-json\/wp\/v2\/product_tag?post=80656"}],"curies":[{"name":"wp","href":"https:\/\/api.w.org\/{rel}","templated":true}]}}