{"id":80657,"date":"2025-07-14T16:01:40","date_gmt":"2025-07-14T13:01:40","guid":{"rendered":"https:\/\/demo8.ecube.lv\/sezona.lv\/products\/ziemas-kostims-norfin-discovery-3-camo\/"},"modified":"2025-07-14T16:01:40","modified_gmt":"2025-07-14T13:01:40","slug":"ziemas-kostims-norfin-discovery-3-camo","status":"publish","type":"product","link":"https:\/\/sezona.lv\/en\/products\/ziemas-kostims-norfin-discovery-3-camo\/","title":{"rendered":"Ziemas kost\u012bms Norfin DISCOVERY 3 CAMO"},"content":{"rendered":"<p><span style=\", sans-serif;font-size: 19px;text-align: justify\">Ziemas kost\u012bms mak&scaron;\u0137erniekiem izgatavots no notur\u012bg\u0101 Nortex Breathable materi\u0101la ar Hollofil siltin\u0101jumu nodro&scaron;in\u0101s komfortu l\u012bdz pat -35&deg;C. Papildus ielikt\u0146i uz ce\u013ciem un s\u0113\u017eamvietas nodro&scaron;in\u0101s komfortu pat akt\u012bvi mak&scaron;\u0137er\u0113jot. Siltin\u0101ta kapuce, augsta apkakle aizsarg\u0101s no v\u0113ja un sniega.<\/span><\/p>\n<p style=\"margin: 0px 0px 10px;, sans-serif;font-size: 19px;text-align: justify\"><span style=\"font-weight: 700\">JAKA:<\/span><\/p>\n<li style=\", sans-serif;font-size: 19px\">L\u012bm\u0113tas &scaron;uves<\/li>\n<li style=\", sans-serif;font-size: 19px\">Dubultais r\u0101v\u0113jsl\u0113dz\u0113js<\/li>\n<li style=\", sans-serif;font-size: 19px\">Kapuce stiprin\u0101ma ar r\u0101v\u0113jsl\u0113dz\u0113ju<\/li>\n<li style=\", sans-serif;font-size: 19px\">Divos l\u012bme\u0146os regul\u0113jama kapuce<\/li>\n<li style=\", sans-serif;font-size: 19px\">Jostas viet\u0101 savelkama jaka<\/li>\n<li style=\", sans-serif;font-size: 19px\">\u0112rtas kabatas jakas iek&scaron;pus\u0113 un \u0101rpus\u0113<\/li>\n<li style=\", sans-serif;font-size: 19px\">Divas \u0101r\u0113j\u0101s kabatas ar mitrumiztur\u012bgiem r\u0101v\u0113jsl\u0113dz\u0113jiem<\/li>\n<li style=\", sans-serif;font-size: 19px\">Elast\u012bgas man\u017eetes<\/li>\n<li style=\", sans-serif;font-size: 19px\">Regul\u0113jamas \u0101r\u0113j\u0101s man\u017eetes piedurkn\u0113m<\/li>\n<li style=\", sans-serif;font-size: 19px\">Pastiprin\u0101ts materi\u0101ls plecu rajon\u0101<\/li>\n<li style=\", sans-serif;font-size: 19px\">Gaismu atstarojo&scaron;as uz&scaron;uves dro&scaron;\u012bbai<\/li>\n<p style=\"margin: 0px 0px 10px;, sans-serif;font-size: 19px;text-align: justify\"><span style=\"font-weight: 700\">PUSKOMBINEZONS:<\/span><\/p>\n<li style=\", sans-serif;font-size: 19px\">Regul\u0113jamas lences<\/li>\n<li style=\", sans-serif;font-size: 19px\">Kr\u016b&scaron;u kabata<\/li>\n<li style=\", sans-serif;font-size: 19px\">Divas \u0101r\u0113j\u0101s kabatas ar r\u0101v\u0113jsl\u0113dz\u0113jiem<\/li>\n<li style=\", sans-serif;font-size: 19px\">Divas ietilp\u012bgas papildus kabatas<\/li>\n<li style=\", sans-serif;font-size: 19px\">Pastiprin\u0101ts materi\u0101ls ce\u013cgalu un s\u0113\u017eamvietas rajonos<\/li>\n<li style=\", sans-serif;font-size: 19px\">Iek&scaron;\u0113j\u0101s getras aizsardz\u012bbai pret sniegu<\/li>\n<p style=\"margin: 0px 0px 10px;, sans-serif;font-size: 19px;text-align: justify\">Materi\u0101ls: NORTEX BREATHABLE<br \/>Mitrumiztur\u012bba: 8 000 mm<br \/>Elpotsp\u0113ja: 6 000 g\/m&sup2;\/24h<br \/>Siltin\u0101jums: HOLLOFIL<\/p>\n","protected":false},"excerpt":{"rendered":"<p>Ziemas kost\u012bms mak&scaron;\u0137erniekiem izgatavots no notur\u012bg\u0101 Nortex Breathable materi\u0101la ar Hollofil siltin\u0101jumu nodro&scaron;in\u0101s komfortu l\u012bdz pat -35&deg;C. Papildus ielikt\u0146i uz ce\u013ciem un s\u0113\u017eamvietas nodro&scaron;in\u0101s komfortu pat akt\u012bvi mak&scaron;\u0137er\u0113jot. Siltin\u0101ta kapuce, augsta apkakle aizsarg\u0101s no v\u0113ja un sniega. JAKA: L\u012bm\u0113tas &scaron;uves Dubultais r\u0101v\u0113jsl\u0113dz\u0113js Kapuce stiprin\u0101ma ar r\u0101v\u0113jsl\u0113dz\u0113ju Divos l\u012bme\u0146os regul\u0113jama kapuce Jostas viet\u0101 savelkama jaka \u0112rtas [&hellip;]<\/p>\n","protected":false},"featured_media":0,"template":"","meta":[],"product_brand":[899],"product_cat":[4619,4620,4640,4993],"product_tag":[],"class_list":{"0":"post-80657","1":"product","2":"type-product","3":"status-publish","5":"product_brand-norfin","6":"product_cat-winter-clothes-recreation","7":"product_cat-norfin-suits-winter-suits-for-fishing","8":"product_cat-recreation","9":"product_cat-winter-suits-for-fishing-winter-clothes-recreation","11":"first","12":"instock","13":"shipping-taxable","14":"purchasable","15":"product-type-simple"},"_links":{"self":[{"href":"https:\/\/sezona.lv\/en\/wp-json\/wp\/v2\/product\/80657","targetHints":{"allow":["GET"]}}],"collection":[{"href":"https:\/\/sezona.lv\/en\/wp-json\/wp\/v2\/product"}],"about":[{"href":"https:\/\/sezona.lv\/en\/wp-json\/wp\/v2\/types\/product"}],"wp:attachment":[{"href":"https:\/\/sezona.lv\/en\/wp-json\/wp\/v2\/media?parent=80657"}],"wp:term":[{"taxonomy":"product_brand","embeddable":true,"href":"https:\/\/sezona.lv\/en\/wp-json\/wp\/v2\/product_brand?post=80657"},{"taxonomy":"product_cat","embeddable":true,"href":"https:\/\/sezona.lv\/en\/wp-json\/wp\/v2\/product_cat?post=80657"},{"taxonomy":"product_tag","embeddable":true,"href":"https:\/\/sezona.lv\/en\/wp-json\/wp\/v2\/product_tag?post=80657"}],"curies":[{"name":"wp","href":"https:\/\/api.w.org\/{rel}","templated":true}]}}