{"id":80658,"date":"2025-07-14T16:01:41","date_gmt":"2025-07-14T13:01:41","guid":{"rendered":"https:\/\/demo8.ecube.lv\/sezona.lv\/products\/termovela-norfin-natural-heat-merino\/"},"modified":"2025-07-14T16:01:41","modified_gmt":"2025-07-14T13:01:41","slug":"termovela-norfin-natural-heat-merino","status":"publish","type":"product","link":"https:\/\/sezona.lv\/en\/products\/termovela-norfin-natural-heat-merino\/","title":{"rendered":"Termove\u013ca NORFIN NATURAL HEAT MERINO"},"content":{"rendered":"<p><span style=\", sans-serif;font-size: 19px;text-align: justify\">Termove\u013ca Norfin NATURAL HEAT MERINO izgatavota no viegla un elast\u012bga materi\u0101la ar optim\u0101lu merino vilnas saturu. Materi\u0101ls nodro&scaron;ina dabisku termoregul\u0101ciju un tam piem\u012bt antibakteri\u0101las \u012bpa&scaron;\u012bbas, kas pal\u0113nina nepat\u012bkamu smaku veido&scaron;anos un samazina \u0101das kairin\u0101juma risku. \u0100tri \u017e\u016bsto&scaron;\u0101 materi\u0101la strukt\u016bra no\u0146em mitrumu no \u0101das, lai pal\u012bdz\u0113tu uztur\u0113t \u0137erme\u0146a temperat\u016bru.<\/span><\/p>\n<ul style=\"margin-top: 0px;margin-bottom: 10px;, sans-serif;font-size: 19px;text-align: justify\">\n<li>&frac14; r\u0101v\u0113jsl\u0113dz\u0113js<\/li>\n<li>Ide\u0101li piem\u0113rota k\u0101 pirmais sl\u0101nis<\/li>\n<li>Reglan piedurknes kust\u012bbu br\u012bv\u012bbai<\/li>\n<li>Plakanas &scaron;uves<\/li>\n<li>Optim\u0101ls merino vilnas saturs<\/li>\n<li>Elast\u012bga jostasvieta biks\u0113m<\/li>\n<li>Materi\u0101ls: 60% merino vilna, 40% poliesters<\/li>\n<\/ul>\n<p><strong><\/strong><\/p>\n","protected":false},"excerpt":{"rendered":"<p>Termove\u013ca Norfin NATURAL HEAT MERINO izgatavota no viegla un elast\u012bga materi\u0101la ar optim\u0101lu merino vilnas saturu. Materi\u0101ls nodro&scaron;ina dabisku termoregul\u0101ciju un tam piem\u012bt antibakteri\u0101las \u012bpa&scaron;\u012bbas, kas pal\u0113nina nepat\u012bkamu smaku veido&scaron;anos un samazina \u0101das kairin\u0101juma risku. \u0100tri \u017e\u016bsto&scaron;\u0101 materi\u0101la strukt\u016bra no\u0146em mitrumu no \u0101das, lai pal\u012bdz\u0113tu uztur\u0113t \u0137erme\u0146a temperat\u016bru. &frac14; r\u0101v\u0113jsl\u0113dz\u0113js Ide\u0101li piem\u0113rota k\u0101 pirmais sl\u0101nis [&hellip;]<\/p>\n","protected":false},"featured_media":0,"template":"","meta":[],"product_brand":[899],"product_cat":[4619,4621,4640,4985],"product_tag":[],"class_list":{"0":"post-80658","1":"product","2":"type-product","3":"status-publish","5":"product_brand-norfin","6":"product_cat-winter-clothes-recreation","7":"product_cat-thermal-underwear-winter-clothes-recreation","8":"product_cat-recreation","9":"product_cat-norfin-thermal-underwear-thermal-underwear-winter-clothes-recreation","11":"first","12":"instock","13":"shipping-taxable","14":"purchasable","15":"product-type-simple"},"_links":{"self":[{"href":"https:\/\/sezona.lv\/en\/wp-json\/wp\/v2\/product\/80658","targetHints":{"allow":["GET"]}}],"collection":[{"href":"https:\/\/sezona.lv\/en\/wp-json\/wp\/v2\/product"}],"about":[{"href":"https:\/\/sezona.lv\/en\/wp-json\/wp\/v2\/types\/product"}],"wp:attachment":[{"href":"https:\/\/sezona.lv\/en\/wp-json\/wp\/v2\/media?parent=80658"}],"wp:term":[{"taxonomy":"product_brand","embeddable":true,"href":"https:\/\/sezona.lv\/en\/wp-json\/wp\/v2\/product_brand?post=80658"},{"taxonomy":"product_cat","embeddable":true,"href":"https:\/\/sezona.lv\/en\/wp-json\/wp\/v2\/product_cat?post=80658"},{"taxonomy":"product_tag","embeddable":true,"href":"https:\/\/sezona.lv\/en\/wp-json\/wp\/v2\/product_tag?post=80658"}],"curies":[{"name":"wp","href":"https:\/\/api.w.org\/{rel}","templated":true}]}}