{"id":80659,"date":"2025-07-14T16:01:42","date_gmt":"2025-07-14T13:01:42","guid":{"rendered":"https:\/\/demo8.ecube.lv\/sezona.lv\/products\/ziemas-kostims-alaskan-dakota-2-0-xxl-izmers\/"},"modified":"2025-07-14T16:01:42","modified_gmt":"2025-07-14T13:01:42","slug":"ziemas-kostims-alaskan-dakota-2-0-xxl-izmers","status":"publish","type":"product","link":"https:\/\/sezona.lv\/en\/products\/ziemas-kostims-alaskan-dakota-2-0-xxl-izmers\/","title":{"rendered":"Ziemas kost\u012bms Alaskan Dakota 2.0 XXL izm\u0113rs"},"content":{"rendered":"<p>Ziemas kost\u012bms Alaskan Dakota 2.0 grey\/black\/red XXL izm\u0113rs.<\/p>\n<p>Atjaunin\u0101t\u0101 Dakota kost\u012bma versija at&scaron;\u0137iras no iepriek&scaron;\u0113j\u0101s versijas ar aug&scaron;\u0113jo audumu (tagad tas ir 100% neilons) un dizainu. Jakai ir divas s\u0101nu kabatas, divas somi\u0146as, divas iek&scaron;\u0113j\u0101s kabatas ar r\u0101v\u0113jsl\u0113dz\u0113ju un centr\u0101l\u0101 Velcro siksna. Piedurkn\u0113m ir iek&scaron;\u0113j\u0101s aproces, kas izgatavotas no absorb\u0113jo&scaron;a vilnas auduma. Jaka ir oder\u0113ta ar vilnas un poliestera kombin\u0101ciju. Ir main\u012bts ar\u012b bik&scaron;u dizains. Divas ar vilnu oder\u0113tas rokas kabatas, divas lielas r\u0101v\u0113jsl\u0113dz\u0113ja aizdares kabatas un papildu pastiprin\u0101jumi ergonomiskiem ce\u013cgaliem un muguras deta\u013c\u0101m. Velcro regul\u0113jama uzvalka apak&scaron;\u0113j\u0101 da\u013ca. Visas &scaron;uves ir l\u012bm\u0113tas. Komplekt\u0101 iek\u013cauts no\u0146emams kokvilnas dvielis.<\/p>\n<p>&nbsp;<\/p>\n<p>TEHLO\u0122IJAS:<\/p>\n<p>\u016adensnecaurlaid\u012bgs 8000 mm<\/p>\n<p>Elpojo&scaron;s 5000&nbsp; g\/m2<\/p>\n<p>Klimata kontrole<\/p>\n<p>V\u0113ja aizsardz\u012bba<\/p>\n<p>AERO-TEX<\/p>\n","protected":false},"excerpt":{"rendered":"<p>Ziemas kost\u012bms Alaskan Dakota 2.0 grey\/black\/red XXL izm\u0113rs. Atjaunin\u0101t\u0101 Dakota kost\u012bma versija at&scaron;\u0137iras no iepriek&scaron;\u0113j\u0101s versijas ar aug&scaron;\u0113jo audumu (tagad tas ir 100% neilons) un dizainu. Jakai ir divas s\u0101nu kabatas, divas somi\u0146as, divas iek&scaron;\u0113j\u0101s kabatas ar r\u0101v\u0113jsl\u0113dz\u0113ju un centr\u0101l\u0101 Velcro siksna. Piedurkn\u0113m ir iek&scaron;\u0113j\u0101s aproces, kas izgatavotas no absorb\u0113jo&scaron;a vilnas auduma. Jaka ir oder\u0113ta [&hellip;]<\/p>\n","protected":false},"featured_media":0,"template":"","meta":[],"product_brand":[],"product_cat":[4619,4640,4992,4993],"product_tag":[],"class_list":{"0":"post-80659","1":"product","2":"type-product","3":"status-publish","5":"product_cat-winter-clothes-recreation","6":"product_cat-recreation","7":"product_cat-alaskan-suits-winter-suits-for-fishing","8":"product_cat-winter-suits-for-fishing-winter-clothes-recreation","10":"first","11":"instock","12":"shipping-taxable","13":"purchasable","14":"product-type-simple"},"_links":{"self":[{"href":"https:\/\/sezona.lv\/en\/wp-json\/wp\/v2\/product\/80659","targetHints":{"allow":["GET"]}}],"collection":[{"href":"https:\/\/sezona.lv\/en\/wp-json\/wp\/v2\/product"}],"about":[{"href":"https:\/\/sezona.lv\/en\/wp-json\/wp\/v2\/types\/product"}],"wp:attachment":[{"href":"https:\/\/sezona.lv\/en\/wp-json\/wp\/v2\/media?parent=80659"}],"wp:term":[{"taxonomy":"product_brand","embeddable":true,"href":"https:\/\/sezona.lv\/en\/wp-json\/wp\/v2\/product_brand?post=80659"},{"taxonomy":"product_cat","embeddable":true,"href":"https:\/\/sezona.lv\/en\/wp-json\/wp\/v2\/product_cat?post=80659"},{"taxonomy":"product_tag","embeddable":true,"href":"https:\/\/sezona.lv\/en\/wp-json\/wp\/v2\/product_tag?post=80659"}],"curies":[{"name":"wp","href":"https:\/\/api.w.org\/{rel}","templated":true}]}}