{"id":80663,"date":"2025-07-14T16:01:47","date_gmt":"2025-07-14T13:01:47","guid":{"rendered":"https:\/\/demo8.ecube.lv\/sezona.lv\/products\/odu-atbaiditajs-led-laternathermacell-mr-9w\/"},"modified":"2025-07-14T16:01:47","modified_gmt":"2025-07-14T13:01:47","slug":"odu-atbaiditajs-led-laternathermacell-mr-9w","status":"publish","type":"product","link":"https:\/\/sezona.lv\/en\/products\/odu-atbaiditajs-led-laternathermacell-mr-9w\/","title":{"rendered":"Odu atbaid\u012bt\u0101js- LED laternaThermacell MR-9W"},"content":{"rendered":"<p><span style=\"font-family: mceinline\">Odu atbaid\u012bt\u0101js- LED laternaThermacell MR-9W.<\/span><\/p>\n<p style=\"margin: 0px;padding: 0px;font-size: 14px;text-align: justify\"><span style=\"font-family: mceinline\">MR-9W LED laterna<strong style=\"margin: 0px;padding: 0px\">&nbsp;<\/strong>efekt\u012bvi (l\u012bdz pat 98%) atvaira nev\u0113lamos odus,&nbsp;kni&scaron;\u013cus un citus&nbsp;kukai\u0146us,&nbsp;izveidojot 20m&sup2; lielu aizsargkupolu, nodro&scaron;inot stund\u0101m ilgu aizsardz\u012bbu sev apk\u0101rt.<\/span><\/p>\n<p style=\"margin: 0px;padding: 0px;font-size: 14px;text-align: justify\"><span style=\"font-family: mceinline\">&nbsp;<\/span><\/p>\n<p style=\"margin: 0px;padding: 0px;font-size: 14px;text-align: justify\"><span style=\"font-family: mceinline\">Papildu tam, laterna ir apr\u012bkota ar LED spuldz\u012bti, kura izstaro pat\u012bkami maigu gaismu. T\u0101 darbojas uz 4 AA baterij\u0101m, kuras komplekt\u0101 nav iek\u013cautas.<\/span><\/p>\n<p style=\"margin: 0px;padding: 0px;font-size: 14px;text-align: justify\"><span style=\"font-family: mceinline\">&nbsp;<\/span><\/p>\n<p style=\"margin: 0px;padding: 0px;font-size: 14px;text-align: justify\"><span style=\"font-family: mceinline\">&Scaron;\u012b laterna ir \u0113rti n\u0113s\u0101jama un viegli lietojama. T\u0101 ir lieliska alternat\u012bva da\u017e\u0101diem aerosoliem, ko lieto uz \u0101das.<\/span><\/p>\n<p style=\"margin: 0px;padding: 0px;font-size: 14px;text-align: justify\"><span style=\"font-family: mceinline\">&nbsp;<\/span><\/p>\n<p style=\"margin: 0px;padding: 0px;font-size: 14px;text-align: justify\"><span style=\"font-family: mceinline\">MR-9W LED laterna, pateicoties savam dizainam,&nbsp;ir ide\u0101li piem\u0113rota nakts atp\u016btai uz kl\u0101ja, teras\u0113, koted\u017e\u0101, piknik\u0101 un taml\u012bdz\u012bg\u0101s atp\u016btas viet\u0101s.<\/span><\/p>\n<p style=\"margin: 0px;padding: 0px;font-size: 14px;text-align: justify\"><span style=\"font-family: mceinline\"><br \/><\/span><\/p>\n<p style=\"margin: 0px;padding: 0px;font-size: 14px;text-align: justify\"><span style=\"font-family: mceinline\">&bull; Neatkar\u012bga apgaismojuma funkcija, izmantojot 4 AA baterijas&nbsp;<\/span><\/p>\n<p style=\"margin: 0px;padding: 0px;font-size: 14px;text-align: justify\"><span style=\"font-family: mceinline\">&bull; P\u0101rn\u0113s\u0101jama un viegla<\/span><\/p>\n<p style=\"margin: 0px;padding: 0px;font-size: 14px;text-align: justify\"><span style=\"font-family: mceinline\">&bull; Bez akt\u012bv\u0101s&nbsp;vielas&nbsp;&#8211; DEET<\/span><\/p>\n<p style=\"margin: 0px;padding: 0px;font-size: 14px;text-align: justify\"><span style=\"font-family: mceinline\">&bull; Bez izsmidzin\u0101&scaron;anas<\/span><\/p>\n<p style=\"margin: 0px;padding: 0px;font-size: 14px;text-align: justify\"><span style=\"font-family: mceinline\">&bull; Bez smar\u017eas<\/span><\/p>\n<p style=\"margin: 0px;padding: 0px;font-size: 14px;text-align: justify\"><span style=\"font-family: mceinline\">&bull; Bez atkl\u0101tas liesmas<\/span><\/p>\n<p style=\"margin: 0px;padding: 0px;font-size: 14px\"><span style=\"font-family: mceinline\">&nbsp;<\/span><\/p>\n<p style=\"margin: 0px;padding: 0px;font-size: 14px\"><strong style=\"margin: 0px;padding: 0px\"><span style=\"font-family: mceinline\">Komplekt\u0101 ietilpst:&nbsp;<\/span><\/strong><\/p>\n<p style=\"margin: 0px;padding: 0px;font-size: 14px\"><span style=\"font-family: mceinline\">&nbsp;<\/span><\/p>\n<p style=\"margin: 0px;padding: 0px;font-size: 14px\"><span style=\"font-family: mceinline\">&bull; THERMACELL&nbsp;Odu un kni&scaron;\u013cu atbaid\u012b&scaron;anas LED laterna MR-9W<\/span><\/p>\n<p style=\"margin: 0px;padding: 0px;font-size: 14px\"><span style=\"font-family: mceinline\">&bull; But\u0101na g\u0101zes kasetnes&nbsp;(12st) &#8211; 1gb.<\/span><\/p>\n<p style=\"margin: 0px;padding: 0px;font-size: 14px\"><span style=\"font-family: mceinline\">&bull; Akt\u012bv\u0101s vielas&nbsp;pl\u0101ksn\u012btes (4st) &#8211; 3gb.<\/span><\/p>\n<p>&nbsp;<\/p>\n<table class=\"table table-sm\" border=\"0\">\n<tbody>\n<tr>\n<td><strong>Akt\u012bv\u0101 sast\u0101vda\u013ca<\/strong><\/td>\n<td>Metoflutr\u012bns\/Pralletr\u012bns<\/td>\n<\/tr>\n<tr>\n<td><strong>Mont\u0101\u017eas deta\u013cas<\/strong><\/td>\n<td>Nav nepiecie&scaron;ama mont\u0101\u017ea<\/td>\n<\/tr>\n<tr>\n<td><strong>Baterijas<\/strong><\/td>\n<td>Ieb\u016bv\u0113ts uzl\u0101d\u0113jams litija jonu akumulators<\/td>\n<\/tr>\n<tr>\n<td><strong>Izm\u0113ri<\/strong><\/td>\n<td>15,2 x 17,7 x 27,9 cm (garums x platums x augstums)<\/td>\n<\/tr>\n<tr>\n<td><strong>Paredz\u0113t\u0101s aizsardz\u012bbas stundas<\/strong><\/td>\n<td>12<\/td>\n<\/tr>\n<tr>\n<td><strong>Mode\u013ca numurs<\/strong><\/td>\n<td>MR-9W<\/td>\n<\/tr>\n<tr>\n<td><strong>Svars (kg)<\/strong><\/td>\n<td>0,612<\/td>\n<\/tr>\n<tr>\n<td><strong>Aizsardz\u012bbas zonas lielums<\/strong><\/td>\n<td>20 m&sup2;<\/td>\n<\/tr>\n<\/tbody>\n<\/table>\n","protected":false},"excerpt":{"rendered":"<p>Odu atbaid\u012bt\u0101js- LED laternaThermacell MR-9W. MR-9W LED laterna&nbsp;efekt\u012bvi (l\u012bdz pat 98%) atvaira nev\u0113lamos odus,&nbsp;kni&scaron;\u013cus un citus&nbsp;kukai\u0146us,&nbsp;izveidojot 20m&sup2; lielu aizsargkupolu, nodro&scaron;inot stund\u0101m ilgu aizsardz\u012bbu sev apk\u0101rt. &nbsp; Papildu tam, laterna ir apr\u012bkota ar LED spuldz\u012bti, kura izstaro pat\u012bkami maigu gaismu. T\u0101 darbojas uz 4 AA baterij\u0101m, kuras komplekt\u0101 nav iek\u013cautas. &nbsp; &Scaron;\u012b laterna ir \u0113rti n\u0113s\u0101jama [&hellip;]<\/p>\n","protected":false},"featured_media":0,"template":"","meta":[],"product_brand":[],"product_cat":[4558,4640,5008],"product_tag":[],"class_list":{"0":"post-80663","1":"product","2":"type-product","3":"status-publish","5":"product_cat-for-tourism-recreation","6":"product_cat-recreation","7":"product_cat-protective-equipment-for-tourism-recreation","9":"first","10":"instock","11":"shipping-taxable","12":"purchasable","13":"product-type-simple"},"_links":{"self":[{"href":"https:\/\/sezona.lv\/en\/wp-json\/wp\/v2\/product\/80663","targetHints":{"allow":["GET"]}}],"collection":[{"href":"https:\/\/sezona.lv\/en\/wp-json\/wp\/v2\/product"}],"about":[{"href":"https:\/\/sezona.lv\/en\/wp-json\/wp\/v2\/types\/product"}],"wp:attachment":[{"href":"https:\/\/sezona.lv\/en\/wp-json\/wp\/v2\/media?parent=80663"}],"wp:term":[{"taxonomy":"product_brand","embeddable":true,"href":"https:\/\/sezona.lv\/en\/wp-json\/wp\/v2\/product_brand?post=80663"},{"taxonomy":"product_cat","embeddable":true,"href":"https:\/\/sezona.lv\/en\/wp-json\/wp\/v2\/product_cat?post=80663"},{"taxonomy":"product_tag","embeddable":true,"href":"https:\/\/sezona.lv\/en\/wp-json\/wp\/v2\/product_tag?post=80663"}],"curies":[{"name":"wp","href":"https:\/\/api.w.org\/{rel}","templated":true}]}}