{"id":80664,"date":"2025-07-14T16:01:49","date_gmt":"2025-07-14T13:01:49","guid":{"rendered":"https:\/\/demo8.ecube.lv\/sezona.lv\/products\/motora-stiprinajums-aqua-storm-valak178\/"},"modified":"2025-07-14T16:01:49","modified_gmt":"2025-07-14T13:01:49","slug":"motora-stiprinajums-aqua-storm-valak178","status":"publish","type":"product","link":"https:\/\/sezona.lv\/en\/products\/motora-stiprinajums-aqua-storm-valak178\/","title":{"rendered":"Motora stiprin\u0101jums Aqua-Storm VALAK178"},"content":{"rendered":"<p>Motora stiprin\u0101jums Aqua- Strom laiv\u0101m.<\/p>\n<p>Ir piem\u0113rots vis\u0101m Aqua- Strom&nbsp;piep\u016b&scaron;amaj\u0101m airu laiv\u0101m.<\/p>\n<p>Izgatavots no plastmasas.<\/p>\n","protected":false},"excerpt":{"rendered":"<p>Motora stiprin\u0101jums Aqua- Strom laiv\u0101m. Ir piem\u0113rots vis\u0101m Aqua- Strom&nbsp;piep\u016b&scaron;amaj\u0101m airu laiv\u0101m. Izgatavots no plastmasas.<\/p>\n","protected":false},"featured_media":0,"template":"","meta":[],"product_brand":[],"product_cat":[4557,4640,4666],"product_tag":[],"class_list":{"0":"post-80664","1":"product","2":"type-product","3":"status-publish","5":"product_cat-boats-recreation","6":"product_cat-recreation","7":"product_cat-boat-accessories-boats-recreation","9":"first","10":"instock","11":"shipping-taxable","12":"purchasable","13":"product-type-simple"},"_links":{"self":[{"href":"https:\/\/sezona.lv\/en\/wp-json\/wp\/v2\/product\/80664","targetHints":{"allow":["GET"]}}],"collection":[{"href":"https:\/\/sezona.lv\/en\/wp-json\/wp\/v2\/product"}],"about":[{"href":"https:\/\/sezona.lv\/en\/wp-json\/wp\/v2\/types\/product"}],"wp:attachment":[{"href":"https:\/\/sezona.lv\/en\/wp-json\/wp\/v2\/media?parent=80664"}],"wp:term":[{"taxonomy":"product_brand","embeddable":true,"href":"https:\/\/sezona.lv\/en\/wp-json\/wp\/v2\/product_brand?post=80664"},{"taxonomy":"product_cat","embeddable":true,"href":"https:\/\/sezona.lv\/en\/wp-json\/wp\/v2\/product_cat?post=80664"},{"taxonomy":"product_tag","embeddable":true,"href":"https:\/\/sezona.lv\/en\/wp-json\/wp\/v2\/product_tag?post=80664"}],"curies":[{"name":"wp","href":"https:\/\/api.w.org\/{rel}","templated":true}]}}