{"id":80666,"date":"2025-07-14T16:01:50","date_gmt":"2025-07-14T13:01:50","guid":{"rendered":"https:\/\/demo8.ecube.lv\/sezona.lv\/products\/laivas-sedekla-atzveltne-aqua-storm\/"},"modified":"2025-07-14T16:01:50","modified_gmt":"2025-07-14T13:01:50","slug":"laivas-sedekla-atzveltne-aqua-storm","status":"publish","type":"product","link":"https:\/\/sezona.lv\/en\/products\/laivas-sedekla-atzveltne-aqua-storm\/","title":{"rendered":"Laivas s\u0113dek\u013ca atzveltne Aqua-Storm"},"content":{"rendered":"<p>Laivas s\u0113dek\u013ca atzveltne Aqua-Storm.<\/p>\n<p>Augstums-42 cm, platums-37 cm.<\/p>\n<p>Piem\u0113rota uzst\u0101d\u012b&scaron;anai uz 20 mm plata laivas soli\u0146a.<\/p>\n","protected":false},"excerpt":{"rendered":"<p>Laivas s\u0113dek\u013ca atzveltne Aqua-Storm. Augstums-42 cm, platums-37 cm. Piem\u0113rota uzst\u0101d\u012b&scaron;anai uz 20 mm plata laivas soli\u0146a.<\/p>\n","protected":false},"featured_media":0,"template":"","meta":[],"product_brand":[],"product_cat":[4557,4640,4666],"product_tag":[],"class_list":{"0":"post-80666","1":"product","2":"type-product","3":"status-publish","5":"product_cat-boats-recreation","6":"product_cat-recreation","7":"product_cat-boat-accessories-boats-recreation","9":"first","10":"instock","11":"shipping-taxable","12":"purchasable","13":"product-type-simple"},"_links":{"self":[{"href":"https:\/\/sezona.lv\/en\/wp-json\/wp\/v2\/product\/80666","targetHints":{"allow":["GET"]}}],"collection":[{"href":"https:\/\/sezona.lv\/en\/wp-json\/wp\/v2\/product"}],"about":[{"href":"https:\/\/sezona.lv\/en\/wp-json\/wp\/v2\/types\/product"}],"wp:attachment":[{"href":"https:\/\/sezona.lv\/en\/wp-json\/wp\/v2\/media?parent=80666"}],"wp:term":[{"taxonomy":"product_brand","embeddable":true,"href":"https:\/\/sezona.lv\/en\/wp-json\/wp\/v2\/product_brand?post=80666"},{"taxonomy":"product_cat","embeddable":true,"href":"https:\/\/sezona.lv\/en\/wp-json\/wp\/v2\/product_cat?post=80666"},{"taxonomy":"product_tag","embeddable":true,"href":"https:\/\/sezona.lv\/en\/wp-json\/wp\/v2\/product_tag?post=80666"}],"curies":[{"name":"wp","href":"https:\/\/api.w.org\/{rel}","templated":true}]}}