{"id":80667,"date":"2025-07-14T16:01:51","date_gmt":"2025-07-14T13:01:51","guid":{"rendered":"https:\/\/demo8.ecube.lv\/sezona.lv\/products\/salokams-enkurs-tonar-2-5kg\/"},"modified":"2025-07-14T16:01:51","modified_gmt":"2025-07-14T13:01:51","slug":"salokams-enkurs-tonar-2-5kg","status":"publish","type":"product","link":"https:\/\/sezona.lv\/en\/products\/salokams-enkurs-tonar-2-5kg\/","title":{"rendered":"Salok\u0101ms enkurs Tonar 2.5kg"},"content":{"rendered":"<p>Salok\u0101ms enkurs Tonar 2.5kg.<\/p>\n<p>2,5 kg (garums -400 mm, diametrs saloc\u012bt\u0101 st\u0101vokl\u012b-115 mm, diametrs darba st\u0101vokl\u012b-320 mm).<\/p>\n","protected":false},"excerpt":{"rendered":"<p>Salok\u0101ms enkurs Tonar 2.5kg. 2,5 kg (garums -400 mm, diametrs saloc\u012bt\u0101 st\u0101vokl\u012b-115 mm, diametrs darba st\u0101vokl\u012b-320 mm).<\/p>\n","protected":false},"featured_media":0,"template":"","meta":[],"product_brand":[],"product_cat":[4557,4640,4666],"product_tag":[],"class_list":{"0":"post-80667","1":"product","2":"type-product","3":"status-publish","5":"product_cat-boats-recreation","6":"product_cat-recreation","7":"product_cat-boat-accessories-boats-recreation","9":"first","10":"instock","11":"shipping-taxable","12":"purchasable","13":"product-type-simple"},"_links":{"self":[{"href":"https:\/\/sezona.lv\/en\/wp-json\/wp\/v2\/product\/80667","targetHints":{"allow":["GET"]}}],"collection":[{"href":"https:\/\/sezona.lv\/en\/wp-json\/wp\/v2\/product"}],"about":[{"href":"https:\/\/sezona.lv\/en\/wp-json\/wp\/v2\/types\/product"}],"wp:attachment":[{"href":"https:\/\/sezona.lv\/en\/wp-json\/wp\/v2\/media?parent=80667"}],"wp:term":[{"taxonomy":"product_brand","embeddable":true,"href":"https:\/\/sezona.lv\/en\/wp-json\/wp\/v2\/product_brand?post=80667"},{"taxonomy":"product_cat","embeddable":true,"href":"https:\/\/sezona.lv\/en\/wp-json\/wp\/v2\/product_cat?post=80667"},{"taxonomy":"product_tag","embeddable":true,"href":"https:\/\/sezona.lv\/en\/wp-json\/wp\/v2\/product_tag?post=80667"}],"curies":[{"name":"wp","href":"https:\/\/api.w.org\/{rel}","templated":true}]}}