{"id":80668,"date":"2025-07-14T16:01:52","date_gmt":"2025-07-14T13:01:52","guid":{"rendered":"https:\/\/demo8.ecube.lv\/sezona.lv\/products\/salokams-enkurs-tonar-4-15kg\/"},"modified":"2025-07-14T16:01:52","modified_gmt":"2025-07-14T13:01:52","slug":"salokams-enkurs-tonar-4-15kg","status":"publish","type":"product","link":"https:\/\/sezona.lv\/en\/products\/salokams-enkurs-tonar-4-15kg\/","title":{"rendered":"Salok\u0101ms enkurs Tonar 4.15kg"},"content":{"rendered":"<p>Salok\u0101ms enkurs Tonar 4.15kg.<\/p>\n<p>4,15 kg (garums -435 mm, diametrs saloc\u012bt\u0101 st\u0101vokl\u012b-147 mm, diametrs darba st\u0101vokl\u012b-320 mm).<\/p>\n","protected":false},"excerpt":{"rendered":"<p>Salok\u0101ms enkurs Tonar 4.15kg. 4,15 kg (garums -435 mm, diametrs saloc\u012bt\u0101 st\u0101vokl\u012b-147 mm, diametrs darba st\u0101vokl\u012b-320 mm).<\/p>\n","protected":false},"featured_media":0,"template":"","meta":[],"product_brand":[],"product_cat":[4557,4640,4666],"product_tag":[],"class_list":{"0":"post-80668","1":"product","2":"type-product","3":"status-publish","5":"product_cat-boats-recreation","6":"product_cat-recreation","7":"product_cat-boat-accessories-boats-recreation","9":"first","10":"instock","11":"shipping-taxable","12":"purchasable","13":"product-type-simple"},"_links":{"self":[{"href":"https:\/\/sezona.lv\/en\/wp-json\/wp\/v2\/product\/80668","targetHints":{"allow":["GET"]}}],"collection":[{"href":"https:\/\/sezona.lv\/en\/wp-json\/wp\/v2\/product"}],"about":[{"href":"https:\/\/sezona.lv\/en\/wp-json\/wp\/v2\/types\/product"}],"wp:attachment":[{"href":"https:\/\/sezona.lv\/en\/wp-json\/wp\/v2\/media?parent=80668"}],"wp:term":[{"taxonomy":"product_brand","embeddable":true,"href":"https:\/\/sezona.lv\/en\/wp-json\/wp\/v2\/product_brand?post=80668"},{"taxonomy":"product_cat","embeddable":true,"href":"https:\/\/sezona.lv\/en\/wp-json\/wp\/v2\/product_cat?post=80668"},{"taxonomy":"product_tag","embeddable":true,"href":"https:\/\/sezona.lv\/en\/wp-json\/wp\/v2\/product_tag?post=80668"}],"curies":[{"name":"wp","href":"https:\/\/api.w.org\/{rel}","templated":true}]}}