{"id":80671,"date":"2025-07-11T17:33:07","date_gmt":"2025-07-11T14:33:07","guid":{"rendered":"https:\/\/demo8.ecube.lv\/sezona.lv\/products\/aqua-storm-tents-laivas-transportesanai-stk360\/"},"modified":"2025-07-14T16:01:55","modified_gmt":"2025-07-14T13:01:55","slug":"aqua-storm-tents-laivas-transportesanai-stk360","status":"publish","type":"product","link":"https:\/\/sezona.lv\/en\/products\/aqua-storm-tents-laivas-transportesanai-stk360\/","title":{"rendered":"Aqua-Storm Tents laivas transport\u0113\u0161anai STK360"},"content":{"rendered":"<p>Aqua-Storm Tents laivas transport\u0113&scaron;anai STK360.<\/p>\n","protected":false},"excerpt":{"rendered":"<p>Aqua-Storm Tents laivas transport\u0113&scaron;anai STK360.<\/p>\n","protected":false},"featured_media":108775,"template":"","meta":[],"product_brand":[],"product_cat":[4557,4666],"product_tag":[],"class_list":{"0":"post-80671","1":"product","2":"type-product","3":"status-publish","4":"has-post-thumbnail","6":"product_cat-boats-recreation","7":"product_cat-boat-accessories-boats-recreation","9":"first","10":"instock","11":"shipping-taxable","12":"purchasable","13":"product-type-simple"},"_links":{"self":[{"href":"https:\/\/sezona.lv\/en\/wp-json\/wp\/v2\/product\/80671","targetHints":{"allow":["GET"]}}],"collection":[{"href":"https:\/\/sezona.lv\/en\/wp-json\/wp\/v2\/product"}],"about":[{"href":"https:\/\/sezona.lv\/en\/wp-json\/wp\/v2\/types\/product"}],"wp:featuredmedia":[{"embeddable":true,"href":"https:\/\/sezona.lv\/en\/wp-json\/wp\/v2\/media\/108775"}],"wp:attachment":[{"href":"https:\/\/sezona.lv\/en\/wp-json\/wp\/v2\/media?parent=80671"}],"wp:term":[{"taxonomy":"product_brand","embeddable":true,"href":"https:\/\/sezona.lv\/en\/wp-json\/wp\/v2\/product_brand?post=80671"},{"taxonomy":"product_cat","embeddable":true,"href":"https:\/\/sezona.lv\/en\/wp-json\/wp\/v2\/product_cat?post=80671"},{"taxonomy":"product_tag","embeddable":true,"href":"https:\/\/sezona.lv\/en\/wp-json\/wp\/v2\/product_tag?post=80671"}],"curies":[{"name":"wp","href":"https:\/\/api.w.org\/{rel}","templated":true}]}}