{"id":80674,"date":"2025-07-11T17:33:11","date_gmt":"2025-07-11T14:33:11","guid":{"rendered":"https:\/\/demo8.ecube.lv\/sezona.lv\/products\/aqua-storm-nojume-pret-sauli\/"},"modified":"2025-07-14T16:01:58","modified_gmt":"2025-07-14T13:01:58","slug":"aqua-storm-nojume-pret-sauli","status":"publish","type":"product","link":"https:\/\/sezona.lv\/en\/products\/aqua-storm-nojume-pret-sauli\/","title":{"rendered":"Aqua-Storm Nojume pret sauli"},"content":{"rendered":"<p>Aqua-Storm Nojume pret sauli 3,0-3,3 m gar\u0101m laiv\u0101m.<\/p>\n<p>Komplekt\u0101 ietilpst visi stiprin\u0101jumi.<\/p>\n","protected":false},"excerpt":{"rendered":"<p>Aqua-Storm Nojume pret sauli 3,0-3,3 m gar\u0101m laiv\u0101m. Komplekt\u0101 ietilpst visi stiprin\u0101jumi.<\/p>\n","protected":false},"featured_media":108770,"template":"","meta":[],"product_brand":[],"product_cat":[4557,4666],"product_tag":[],"class_list":{"0":"post-80674","1":"product","2":"type-product","3":"status-publish","4":"has-post-thumbnail","6":"product_cat-boats-recreation","7":"product_cat-boat-accessories-boats-recreation","9":"first","10":"instock","11":"shipping-taxable","12":"purchasable","13":"product-type-simple"},"_links":{"self":[{"href":"https:\/\/sezona.lv\/en\/wp-json\/wp\/v2\/product\/80674","targetHints":{"allow":["GET"]}}],"collection":[{"href":"https:\/\/sezona.lv\/en\/wp-json\/wp\/v2\/product"}],"about":[{"href":"https:\/\/sezona.lv\/en\/wp-json\/wp\/v2\/types\/product"}],"wp:featuredmedia":[{"embeddable":true,"href":"https:\/\/sezona.lv\/en\/wp-json\/wp\/v2\/media\/108770"}],"wp:attachment":[{"href":"https:\/\/sezona.lv\/en\/wp-json\/wp\/v2\/media?parent=80674"}],"wp:term":[{"taxonomy":"product_brand","embeddable":true,"href":"https:\/\/sezona.lv\/en\/wp-json\/wp\/v2\/product_brand?post=80674"},{"taxonomy":"product_cat","embeddable":true,"href":"https:\/\/sezona.lv\/en\/wp-json\/wp\/v2\/product_cat?post=80674"},{"taxonomy":"product_tag","embeddable":true,"href":"https:\/\/sezona.lv\/en\/wp-json\/wp\/v2\/product_tag?post=80674"}],"curies":[{"name":"wp","href":"https:\/\/api.w.org\/{rel}","templated":true}]}}