{"id":80676,"date":"2025-07-14T16:02:00","date_gmt":"2025-07-14T13:02:00","guid":{"rendered":"https:\/\/demo8.ecube.lv\/sezona.lv\/products\/iebarosanas-laiva-deeper-quest\/"},"modified":"2025-07-14T16:02:00","modified_gmt":"2025-07-14T13:02:00","slug":"iebarosanas-laiva-deeper-quest","status":"publish","type":"product","link":"https:\/\/sezona.lv\/en\/products\/iebarosanas-laiva-deeper-quest\/","title":{"rendered":"Iebaro\u0161anas laiva Deeper Quest"},"content":{"rendered":"<p class=\"MsoNormal\">Iebaro&scaron;anas laiva Deeper Quest.<\/p>\n<p class=\"MsoNormal\">Lieliska iebaro&scaron;anas laiva ar Deeper sonar tehnolo\u0123iju. 500m darb\u012bbas r\u0101diuss, 3,4km\/h \u0101trums un 9h darb\u012bbas laiks un Deeper son\u0101rs, kuru var\u0113si izmantot t\u0101pat k\u0101 savu Deeper tikai daudz t\u0101l\u0101k\u0101 distanc\u0113. Vien\u0101 reiz\u0113 iesp\u0113jams ievest l\u012bdz 2kg bar\u012bbas.<\/p>\n","protected":false},"excerpt":{"rendered":"<p>Iebaro&scaron;anas laiva Deeper Quest. Lieliska iebaro&scaron;anas laiva ar Deeper sonar tehnolo\u0123iju. 500m darb\u012bbas r\u0101diuss, 3,4km\/h \u0101trums un 9h darb\u012bbas laiks un Deeper son\u0101rs, kuru var\u0113si izmantot t\u0101pat k\u0101 savu Deeper tikai daudz t\u0101l\u0101k\u0101 distanc\u0113. Vien\u0101 reiz\u0113 iesp\u0113jams ievest l\u012bdz 2kg bar\u012bbas.<\/p>\n","protected":false},"featured_media":0,"template":"","meta":[],"product_brand":[],"product_cat":[4640,4741,4782],"product_tag":[],"class_list":{"0":"post-80676","1":"product","2":"type-product","3":"status-publish","5":"product_cat-recreation","6":"product_cat-eholots-navigation-watches-radios","7":"product_cat-navigation-watches-radios-recreation","9":"first","10":"instock","11":"shipping-taxable","12":"purchasable","13":"product-type-simple"},"_links":{"self":[{"href":"https:\/\/sezona.lv\/en\/wp-json\/wp\/v2\/product\/80676","targetHints":{"allow":["GET"]}}],"collection":[{"href":"https:\/\/sezona.lv\/en\/wp-json\/wp\/v2\/product"}],"about":[{"href":"https:\/\/sezona.lv\/en\/wp-json\/wp\/v2\/types\/product"}],"wp:attachment":[{"href":"https:\/\/sezona.lv\/en\/wp-json\/wp\/v2\/media?parent=80676"}],"wp:term":[{"taxonomy":"product_brand","embeddable":true,"href":"https:\/\/sezona.lv\/en\/wp-json\/wp\/v2\/product_brand?post=80676"},{"taxonomy":"product_cat","embeddable":true,"href":"https:\/\/sezona.lv\/en\/wp-json\/wp\/v2\/product_cat?post=80676"},{"taxonomy":"product_tag","embeddable":true,"href":"https:\/\/sezona.lv\/en\/wp-json\/wp\/v2\/product_tag?post=80676"}],"curies":[{"name":"wp","href":"https:\/\/api.w.org\/{rel}","templated":true}]}}