{"id":80680,"date":"2025-07-14T16:02:05","date_gmt":"2025-07-14T13:02:05","guid":{"rendered":"https:\/\/demo8.ecube.lv\/sezona.lv\/products\/origin-outdoors-filtrs-udens-attirisanai\/"},"modified":"2025-07-14T16:02:05","modified_gmt":"2025-07-14T13:02:05","slug":"origin-outdoors-filtrs-udens-attirisanai","status":"publish","type":"product","link":"https:\/\/sezona.lv\/en\/products\/origin-outdoors-filtrs-udens-attirisanai\/","title":{"rendered":"Origin Outdoors Filtrs \u016bdens att\u012br\u012b\u0161anai"},"content":{"rendered":"<p>Origin Outdoors Filtrs \u016bdens att\u012br\u012b&scaron;anai.<\/p>\n<p style=\"margin: 0px 0px 1em;color: #2a2b2a;font-size: 15px\">&Scaron;is kompaktais \u016bdens filtrs apr\u012bkots ar dob\u0101s &scaron;\u0137iedras membr\u0101nas filtru, kas izn\u012bcina l\u012bdz pat&nbsp;<span>99.9999% E. coli bakt\u0113riju, 99.9 % paraz\u012btus un vien&scaron;\u016b\u0146us (Giardia lamblia and Cryptosporidium).<\/span><\/p>\n<p style=\"margin: 0px 0px 1em;color: #2a2b2a;font-size: 15px\"><span>&Scaron;is jaud\u012bgais \u016bdens filtrs&nbsp;<strong>izce\u013cas&nbsp;<\/strong>citu tirg\u016b pieejamo membr\u0101nas filtru vid\u016b&nbsp;<strong>ar sevi&scaron;\u0137i smalku 0.1 mikrona membr\u0101nas poru izm\u0113ru<\/strong>, t\u0101d\u0113j\u0101di izfiltr\u0113jot vissmalk\u0101k\u0101s da\u013ci\u0146as, taj\u0101 skait\u0101 mikrosplastmasu.&nbsp;&nbsp;<\/span><\/p>\n<p style=\"margin: 0px 0px 1em;color: #2a2b2a;font-size: 15px\"><span>Caursp\u012bd\u012bgais kontroles lodzi\u0146&scaron; ar t\u012br&scaron;anas nor\u0101d\u0113m \u013cauj veikt vieglu apkopi. Filtrs ir viegli t\u012br\u0101ms (skat\u012bt&nbsp;<a style=\"color: #2a2b2a\" title=\"Lieto&scaron;anas instrukcija (ENG, DE, FR)\" href=\"https:\/\/cdn.shopify.com\/s\/files\/1\/0360\/9713\/0631\/files\/udens-filtrs-instrukcija-179602_VS_016527.pdf?v=1717070583\">instrukciju).&nbsp;<\/a><\/span><\/p>\n<p style=\"margin: 0px 0px 1em;color: #2a2b2a;font-size: 15px\"><span><strong>Komplekt\u0101&nbsp;<\/strong>ietilpst: 1 \u016bdens filtrs, 1 t\u012br\u0101 \u016bdens pudele (1 litrs), 1 net\u012br\u0101 \u016bdens pudele&nbsp;(1 litrs), 1 trubi\u0146a dzer&scaron;anai, 1 trubi\u0146a izejai, 2 karab\u012bn\u012btes.&nbsp;<\/span><\/p>\n<p style=\"margin: 0px 0px 1em;color: #2a2b2a;font-size: 15px\"><strong>Komplekta svars: 128 grami<\/strong><\/p>\n<p style=\"margin: 0px 0px 1em;color: #2a2b2a;font-size: 15px\">Filtr\u0113&scaron;anas \u0101trums:&nbsp;<strong>1litrs min\u016bt\u0113<\/strong>&nbsp;(pie 1.5 bar spiediena)<\/p>\n<p style=\"margin: 0px 0px 1em;color: #2a2b2a;font-size: 15px\"><span>Darb\u012bbas laiks&nbsp;<strong>l\u012bdz 100.000 litriem\/max 5 gadi<\/strong><\/span><\/p>\n<p style=\"margin: 0px 0px 1em;color: #2a2b2a;font-size: 15px\"><span><strong>Izm\u0113rs: 38.5&#215;145 mm<\/strong><\/span><\/p>\n<p style=\"margin: 0px 0px 1em;color: #2a2b2a;font-size: 15px\"><span>Pirms lieto&scaron;anas izlasiet&nbsp;<a style=\"color: #2a2b2a\" title=\"Lieto&scaron;anas instrukcija (ENG, DE, FR)\" href=\"https:\/\/cdn.shopify.com\/s\/files\/1\/0360\/9713\/0631\/files\/udens-filtrs-instrukcija-179602_VS_016527.pdf?v=1717070583\" target=\"_blank\">instrukciju<\/a><\/span><\/p>\n","protected":false},"excerpt":{"rendered":"<p>Origin Outdoors Filtrs \u016bdens att\u012br\u012b&scaron;anai. &Scaron;is kompaktais \u016bdens filtrs apr\u012bkots ar dob\u0101s &scaron;\u0137iedras membr\u0101nas filtru, kas izn\u012bcina l\u012bdz pat&nbsp;99.9999% E. coli bakt\u0113riju, 99.9 % paraz\u012btus un vien&scaron;\u016b\u0146us (Giardia lamblia and Cryptosporidium). &Scaron;is jaud\u012bgais \u016bdens filtrs&nbsp;izce\u013cas&nbsp;citu tirg\u016b pieejamo membr\u0101nas filtru vid\u016b&nbsp;ar sevi&scaron;\u0137i smalku 0.1 mikrona membr\u0101nas poru izm\u0113ru, t\u0101d\u0113j\u0101di izfiltr\u0113jot vissmalk\u0101k\u0101s da\u013ci\u0146as, taj\u0101 skait\u0101 mikrosplastmasu.&nbsp;&nbsp; Caursp\u012bd\u012bgais [&hellip;]<\/p>\n","protected":false},"featured_media":0,"template":"","meta":[],"product_brand":[],"product_cat":[4558,4640,5053],"product_tag":[],"class_list":{"0":"post-80680","1":"product","2":"type-product","3":"status-publish","5":"product_cat-for-tourism-recreation","6":"product_cat-recreation","7":"product_cat-water-purification-for-tourism-recreation","9":"first","10":"instock","11":"shipping-taxable","12":"purchasable","13":"product-type-simple"},"_links":{"self":[{"href":"https:\/\/sezona.lv\/en\/wp-json\/wp\/v2\/product\/80680","targetHints":{"allow":["GET"]}}],"collection":[{"href":"https:\/\/sezona.lv\/en\/wp-json\/wp\/v2\/product"}],"about":[{"href":"https:\/\/sezona.lv\/en\/wp-json\/wp\/v2\/types\/product"}],"wp:attachment":[{"href":"https:\/\/sezona.lv\/en\/wp-json\/wp\/v2\/media?parent=80680"}],"wp:term":[{"taxonomy":"product_brand","embeddable":true,"href":"https:\/\/sezona.lv\/en\/wp-json\/wp\/v2\/product_brand?post=80680"},{"taxonomy":"product_cat","embeddable":true,"href":"https:\/\/sezona.lv\/en\/wp-json\/wp\/v2\/product_cat?post=80680"},{"taxonomy":"product_tag","embeddable":true,"href":"https:\/\/sezona.lv\/en\/wp-json\/wp\/v2\/product_tag?post=80680"}],"curies":[{"name":"wp","href":"https:\/\/api.w.org\/{rel}","templated":true}]}}