{"id":80682,"date":"2025-07-14T16:02:08","date_gmt":"2025-07-14T13:02:08","guid":{"rendered":"https:\/\/demo8.ecube.lv\/sezona.lv\/products\/origin-outdoors-arkartas-telts-gulammaiss-tents\/"},"modified":"2025-07-14T16:02:08","modified_gmt":"2025-07-14T13:02:08","slug":"origin-outdoors-arkartas-telts-gulammaiss-tents","status":"publish","type":"product","link":"https:\/\/sezona.lv\/en\/products\/origin-outdoors-arkartas-telts-gulammaiss-tents\/","title":{"rendered":"Origin Outdoors \u0100rk\u0101rtas Telts, gu\u013cammaiss, tents"},"content":{"rendered":"<div id=\"Container\">\n<div id=\"Content\" class=\"container\">\n<div id=\"PrimaryContent\">\n<div>\n<div class=\"TabContainer\">\n<div id=\"ProductInformation\" class=\"r-tabs\">\n<div class=\"TabContentsContainer\">\n<div class=\"width\">\n<div id=\"tab-0\" class=\"TabContent r-tabs-panel r-tabs-state-active\">\n<div id=\"tab-0\" class=\"TabContent r-tabs-panel r-tabs-state-active\">\n<p>Origin Outdoors \u0100rk\u0101rtas Telts, gu\u013cammaiss, tents.<\/p>\n<p style=\"margin: 0px 0px 1em;color: #2a2b2a;font-size: 15px\">Izdz\u012bvo&scaron;anas bivi telts ir \u012bpa&scaron;i izgatavota p\u0101rg\u0101jieniem, bushcraft aktivit\u0101t\u0113m un \u0101rk\u0101rtas situ\u0101cij\u0101m. Neatkar\u012bgi no t\u0101, vai dodaties p\u0101rg\u0101jien\u0101, kemping\u0101 vai eksped\u012bcij\u0101, &scaron;\u012b bivi telts pasarg\u0101 no \u0137erme\u0146a atdzi&scaron;anas un apsald\u0113jumiem, pateicoties t\u0101s iek&scaron;\u0113jai atstarojo&scaron;ajai virsmai.<\/p>\n<p style=\"margin: 0px 0px 1em;color: #2a2b2a;font-size: 15px\">Teltij ir konstrukcija, kas sp\u0113j iztur\u0113t visekstrem\u0101l\u0101kos laikapst\u0101k\u013cus, piem\u0113ram, v\u0113ju, lietu, v\u0113tru vai aukstumu. Pateicoties vair\u0101k nek\u0101 divus metrus lielajam garumam, taj\u0101 var \u0113rti apmesties jebkura auguma cilv\u0113ki.<\/p>\n<p style=\"margin: 0px 0px 1em;color: #2a2b2a;font-size: 15px\">Ar 6 metrus garo parakordu telti var \u013coti labi nostiprin\u0101t. Pateicoties integr\u0113tajiem met\u0101la caurumiem, telti var piestiprin\u0101t pie zemes ar komplekt\u0101 iek\u013cautajiem mieti\u0146iem. Turkl\u0101t telti var izmantot ar\u012b k\u0101 gu\u013cammaisu vai tentu. T\u0101 ir viegla un kompakti salok\u0101ma, lai taup\u012btu vietu. Komplekt\u0101 ietilpst ar\u012b uzglab\u0101&scaron;anas maiss.<\/p>\n<ul style=\"margin: 0px 0px 1em;padding: 0px;padding-inline-start: 2rem;color: #2a2b2a;font-size: 15px\">\n<li style=\"padding-inline-start: 1.5em;margin-bottom: 0.5em\">Telts, gu\u013cammaiss un tents vien\u0101<\/li>\n<li style=\"padding-inline-start: 1.5em;margin-bottom: 0.5em\">Siltumatstarojo&scaron;a iek&scaron;\u0113j\u0101 virsma \u0137erme\u0146a atdzi&scaron;anas nov\u0113r&scaron;anai<\/li>\n<li style=\"padding-inline-start: 1.5em;margin-bottom: 0.5em\">Var izmantot ar\u012b k\u0101 \u0101rk\u0101rtas folijas maisu<\/li>\n<li style=\"padding-inline-start: 1.5em;margin-bottom: 0.5em\">Iztur ekstrem\u0101lus laikapst\u0101k\u013cus<\/li>\n<li style=\"padding-inline-start: 1.5em\">Integr\u0113ti met\u0101la caurumi<\/li>\n<\/ul>\n<ul class=\"metafield-single_line_text_field-array\" style=\"margin: 0px;padding: 0px;padding-inline-start: 2rem;color: #2a2b2a;font-size: 15px\">\n<li class=\"metafield-single_line_text_field\" style=\"padding-inline-start: 1.5em\">Polietil\u0113ns (PE), alum\u012bniz\u0113ts Izm\u0113ri: garums 240 cm, platums 107 cm Svars: 205 g Augstums: 92 cm Komplekt\u0101 iek\u013cauts 6 m gar&scaron; parakord virve un 4 mieti\u0146i<\/li>\n<\/ul>\n<\/div>\n<\/div>\n<\/div>\n<\/div>\n<\/div>\n<\/div>\n<\/div>\n<\/div>\n<\/div>\n<\/div>\n<div id=\"Footer\" class=\"navbar\">\n<div class=\"FooterTop\">\n<div class=\"SocialMedia\"><a href=\"https:\/\/www.facebook.com\/BCBinternational\/\" target=\"_blank\"><\/a><\/div>\n<\/div>\n<\/div>\n","protected":false},"excerpt":{"rendered":"<p>Origin Outdoors \u0100rk\u0101rtas Telts, gu\u013cammaiss, tents. Izdz\u012bvo&scaron;anas bivi telts ir \u012bpa&scaron;i izgatavota p\u0101rg\u0101jieniem, bushcraft aktivit\u0101t\u0113m un \u0101rk\u0101rtas situ\u0101cij\u0101m. Neatkar\u012bgi no t\u0101, vai dodaties p\u0101rg\u0101jien\u0101, kemping\u0101 vai eksped\u012bcij\u0101, &scaron;\u012b bivi telts pasarg\u0101 no \u0137erme\u0146a atdzi&scaron;anas un apsald\u0113jumiem, pateicoties t\u0101s iek&scaron;\u0113jai atstarojo&scaron;ajai virsmai. Teltij ir konstrukcija, kas sp\u0113j iztur\u0113t visekstrem\u0101l\u0101kos laikapst\u0101k\u013cus, piem\u0113ram, v\u0113ju, lietu, v\u0113tru vai aukstumu. [&hellip;]<\/p>\n","protected":false},"featured_media":0,"template":"","meta":[],"product_brand":[],"product_cat":[4558,4640,5057],"product_tag":[],"class_list":{"0":"post-80682","1":"product","2":"type-product","3":"status-publish","5":"product_cat-for-tourism-recreation","6":"product_cat-recreation","7":"product_cat-survival-for-tourism-recreation","9":"first","10":"instock","11":"shipping-taxable","12":"purchasable","13":"product-type-simple"},"_links":{"self":[{"href":"https:\/\/sezona.lv\/en\/wp-json\/wp\/v2\/product\/80682","targetHints":{"allow":["GET"]}}],"collection":[{"href":"https:\/\/sezona.lv\/en\/wp-json\/wp\/v2\/product"}],"about":[{"href":"https:\/\/sezona.lv\/en\/wp-json\/wp\/v2\/types\/product"}],"wp:attachment":[{"href":"https:\/\/sezona.lv\/en\/wp-json\/wp\/v2\/media?parent=80682"}],"wp:term":[{"taxonomy":"product_brand","embeddable":true,"href":"https:\/\/sezona.lv\/en\/wp-json\/wp\/v2\/product_brand?post=80682"},{"taxonomy":"product_cat","embeddable":true,"href":"https:\/\/sezona.lv\/en\/wp-json\/wp\/v2\/product_cat?post=80682"},{"taxonomy":"product_tag","embeddable":true,"href":"https:\/\/sezona.lv\/en\/wp-json\/wp\/v2\/product_tag?post=80682"}],"curies":[{"name":"wp","href":"https:\/\/api.w.org\/{rel}","templated":true}]}}