{"id":80683,"date":"2025-07-14T16:02:09","date_gmt":"2025-07-14T13:02:09","guid":{"rendered":"https:\/\/demo8.ecube.lv\/sezona.lv\/products\/ercu-izvelkamais-komplekts-lifesystems\/"},"modified":"2025-07-14T16:02:09","modified_gmt":"2025-07-14T13:02:09","slug":"ercu-izvelkamais-komplekts-lifesystems","status":"publish","type":"product","link":"https:\/\/sezona.lv\/en\/products\/ercu-izvelkamais-komplekts-lifesystems\/","title":{"rendered":"\u0112r\u010du izvelkamais komplekts Lifesystems"},"content":{"rendered":"<div id=\"Container\">\n<div id=\"Content\" class=\"container\">\n<div id=\"PrimaryContent\">\n<div>\n<div class=\"TabContainer\">\n<div id=\"ProductInformation\" class=\"r-tabs\">\n<div class=\"TabContentsContainer\">\n<div class=\"width\">\n<div id=\"tab-0\" class=\"TabContent r-tabs-panel r-tabs-state-active\">\n<div id=\"tab-0\" class=\"TabContent r-tabs-panel r-tabs-state-active\">\n<p>\u0112r\u010du izvelkamais komplekts Lifesystems.<\/p>\n<p><span style=\"color: #2a2b2a;font-size: 15px\">Ja pies\u016bkusies \u0113rce, t\u0101 j\u0101no\u0146em p\u0113c iesp\u0113jas \u0101tr\u0101k, turkl\u0101t t\u0101, lai iz\u0146emtu visas t\u0101s \u0137erme\u0146a da\u013cas. Ar &scaron;o kred\u012btkartes izm\u0113ra instrumentu \u0113rci iesp\u0113jams no\u0146emt viegli un pareizi. Divi padzi\u013cin\u0101jumi da\u017e\u0101da lieluma \u0113r\u010du no\u0146em&scaron;anai un integr\u0113ts palielin\u0101mais stikls \u013cauj \u0113rces no\u0146emt viegli un pareizi.<\/span><\/p>\n<p><span style=\"color: #2a2b2a;font-size: 15px\">Izm\u0113rs: 85 x 54 x 1mm<\/span><\/p>\n<p><span style=\"color: #2a2b2a;font-size: 15px\">Svars: 6 grami<\/span><\/p>\n<ul class=\"metafield-single_line_text_field-array\" style=\"margin: 0px;padding: 0px;padding-inline-start: 2rem;color: #2a2b2a;font-size: 15px\">\n<\/ul>\n<\/div>\n<\/div>\n<\/div>\n<\/div>\n<\/div>\n<\/div>\n<\/div>\n<\/div>\n<\/div>\n<\/div>\n<div id=\"Footer\" class=\"navbar\">\n<div class=\"FooterTop\">\n<div class=\"SocialMedia\"><a href=\"https:\/\/www.facebook.com\/BCBinternational\/\" target=\"_blank\"><\/a><\/div>\n<\/div>\n<\/div>\n","protected":false},"excerpt":{"rendered":"<p>\u0112r\u010du izvelkamais komplekts Lifesystems. Ja pies\u016bkusies \u0113rce, t\u0101 j\u0101no\u0146em p\u0113c iesp\u0113jas \u0101tr\u0101k, turkl\u0101t t\u0101, lai iz\u0146emtu visas t\u0101s \u0137erme\u0146a da\u013cas. Ar &scaron;o kred\u012btkartes izm\u0113ra instrumentu \u0113rci iesp\u0113jams no\u0146emt viegli un pareizi. Divi padzi\u013cin\u0101jumi da\u017e\u0101da lieluma \u0113r\u010du no\u0146em&scaron;anai un integr\u0113ts palielin\u0101mais stikls \u013cauj \u0113rces no\u0146emt viegli un pareizi. Izm\u0113rs: 85 x 54 x 1mm Svars: 6 [&hellip;]<\/p>\n","protected":false},"featured_media":0,"template":"","meta":[],"product_brand":[],"product_cat":[4558,4640,5057],"product_tag":[],"class_list":{"0":"post-80683","1":"product","2":"type-product","3":"status-publish","5":"product_cat-for-tourism-recreation","6":"product_cat-recreation","7":"product_cat-survival-for-tourism-recreation","9":"first","10":"instock","11":"shipping-taxable","12":"purchasable","13":"product-type-simple"},"_links":{"self":[{"href":"https:\/\/sezona.lv\/en\/wp-json\/wp\/v2\/product\/80683","targetHints":{"allow":["GET"]}}],"collection":[{"href":"https:\/\/sezona.lv\/en\/wp-json\/wp\/v2\/product"}],"about":[{"href":"https:\/\/sezona.lv\/en\/wp-json\/wp\/v2\/types\/product"}],"wp:attachment":[{"href":"https:\/\/sezona.lv\/en\/wp-json\/wp\/v2\/media?parent=80683"}],"wp:term":[{"taxonomy":"product_brand","embeddable":true,"href":"https:\/\/sezona.lv\/en\/wp-json\/wp\/v2\/product_brand?post=80683"},{"taxonomy":"product_cat","embeddable":true,"href":"https:\/\/sezona.lv\/en\/wp-json\/wp\/v2\/product_cat?post=80683"},{"taxonomy":"product_tag","embeddable":true,"href":"https:\/\/sezona.lv\/en\/wp-json\/wp\/v2\/product_tag?post=80683"}],"curies":[{"name":"wp","href":"https:\/\/api.w.org\/{rel}","templated":true}]}}