{"id":80966,"date":"2025-08-21T14:15:59","date_gmt":"2025-08-21T11:15:59","guid":{"rendered":"https:\/\/www3.sezona.lv\/?post_type=product&#038;p=80966"},"modified":"2026-03-04T08:46:02","modified_gmt":"2026-03-04T06:46:02","slug":"deeper-chirp-plus-2-eholote-odu-atbaiditajs-thermacell-mr300g","status":"publish","type":"product","link":"https:\/\/sezona.lv\/en\/products\/deeper-chirp-plus-2-eholote-odu-atbaiditajs-thermacell-mr300g\/","title":{"rendered":"Deeper Chirp Plus 2 eholote + Odu atbaid\u012bt\u0101js Thermacell MR300G"},"content":{"rendered":"<p><strong>Deeper Chirp Plus 2 eholote + Odu atbaid\u012bt\u0101js Thermacell MR300G.<\/strong><\/p>\n<p><strong>Ieg\u0101d\u0101joties \u0161o komplektu, ieg\u016bsi Deeper Chirp Plus 2 eholoti un Odu atbaid\u012bt\u0101js Thermacell MR300G.<\/strong><\/p>\n<p>Akumulatora darb\u012bbas laiks l\u012bdz pat 15 stund\u0101m.<br \/>\n3 staru frekvences.<br \/>\nPrec\u012bzi son\u0101ra sken\u0113jumi (dzi\u013cums, \u016bdenstilpes pamatnes strukt\u016bra, zivju loki vai ikonas).<br \/>\n100 m izme\u0161anas diapazons un sken\u0113\u0161anas dzi\u013cums.<br \/>\nStabils Wi-Fi savienojums un ieb\u016bv\u0113ts GPS.<br \/>\nPrec\u012bza 0,3 m dzi\u013cuma kar\u0161u izveide.<\/p>\n<p>Izp\u0113tiet vair\u0101k k\u0101 50 000 ezeru kar\u0161u.<br \/>\nApskatiet laika prognozi un pl\u0101nojiet savu mak\u0161\u0137er\u0113\u0161anas ce\u013cojumu.<br \/>\nLejupiel\u0101d\u0113jiet kartes lieto\u0161anai bezsaist\u0113.<br \/>\nIeg\u016bstiet re\u0101llaika son\u0101ra r\u0101d\u012bjumus sav\u0101 ier\u012bc\u0113.<br \/>\nAtz\u012bm\u0113jiet iecien\u012btas vietas un re\u0123istr\u0113jiet lomus.<br \/>\nSkatiet un analiz\u0113jiet savus datus jebkur\u0101 ier\u012bc\u0113.<br \/>\nIzmantojiet analiz\u0113tus datus, lai j\u016bsu n\u0101kamais ce\u013cojums b\u016btu pat lab\u0101ks.<\/p>\n<p>Piedz\u012bvojiet jauna veida mak\u0161\u0137er\u0113\u0161anu ar Fish Deeper Premium.<br \/>\nIeg\u016bstiet 3 m\u0113ne\u0161u bezmaksas piek\u013cuvi ezeru kart\u0113m ar vair\u0101k k\u0101 50 000 viet\u0113jo un glob\u0101lo mak\u0161\u0137er\u0113\u0161anas vietu.<br \/>\nAnaliz\u0113jiet kartes, izv\u0113lieties lab\u0101k\u0101s mak\u0161\u0137er\u0113\u0161anas vietas, atz\u012bm\u0113jiet iecien\u012btas vietas un lomus. Piek\u013c\u016bstiet datiem jebkur\u0101 ier\u012bc\u0113 un ieg\u016bstiet v\u0113l vair\u0101k ar Fish Deeper!<\/p>\n<p>T\u0101 pati forma jaun\u0101 tuksne\u0161a smil\u0161u kr\u0101s\u0101. Nakts mak\u0161\u0137er\u0113\u0161anas v\u0101ks iek\u013cauts komplekt\u0101, lai j\u016bs var\u0113tu viegli atrast son\u0101ru tums\u0101.<\/p>\n<p>5 gadu garantija &#8211; m\u0113s uzticamies savam produktam, un j\u016bs ar\u012b to varat dar\u012bt. Gad\u012bjum\u0101, ja kaut kas tom\u0113r notiks nepareizi, m\u0113s to salabosim.<\/p>\n<p>M\u016bsu klientu apkalpo\u0161anas komanda ir vienm\u0113r gatava pal\u012bdz\u0113t un lepojas ar lab\u0101ko iesp\u0113jamo apkalpo\u0161anu. T\u0101 pal\u012bdz\u0113s jebkur\u0101 j\u016bsu jaut\u0101jum\u0101.<\/p>\n","protected":false},"excerpt":{"rendered":"<p>Deeper Chirp Plus 2 eholote + Odu atbaid\u012bt\u0101js Thermacell MR300G. Ieg\u0101d\u0101joties \u0161o komplektu, ieg\u016bsi Deeper Chirp Plus 2 eholoti un Odu atbaid\u012bt\u0101js Thermacell MR300G. Akumulatora darb\u012bbas laiks l\u012bdz pat 15 stund\u0101m. 3 staru frekvences. Prec\u012bzi son\u0101ra sken\u0113jumi (dzi\u013cums, \u016bdenstilpes pamatnes strukt\u016bra, zivju loki vai ikonas). 100 m izme\u0161anas diapazons un sken\u0113\u0161anas dzi\u013cums. Stabils Wi-Fi savienojums [&hellip;]<\/p>\n","protected":false},"featured_media":80967,"template":"","meta":[],"product_brand":[],"product_cat":[967],"product_tag":[5297,5298,5299],"class_list":{"0":"post-80966","1":"product","2":"type-product","3":"status-publish","4":"has-post-thumbnail","6":"product_cat-bez-kategorijas","7":"product_tag-deeper-chirp-plus-2","8":"product_tag-eholote","9":"product_tag-odu-atbaiditajs-thermacell-mr300g","11":"first","12":"instock","13":"sale","14":"shipping-taxable","15":"purchasable","16":"product-type-simple"},"_links":{"self":[{"href":"https:\/\/sezona.lv\/en\/wp-json\/wp\/v2\/product\/80966","targetHints":{"allow":["GET"]}}],"collection":[{"href":"https:\/\/sezona.lv\/en\/wp-json\/wp\/v2\/product"}],"about":[{"href":"https:\/\/sezona.lv\/en\/wp-json\/wp\/v2\/types\/product"}],"wp:featuredmedia":[{"embeddable":true,"href":"https:\/\/sezona.lv\/en\/wp-json\/wp\/v2\/media\/80967"}],"wp:attachment":[{"href":"https:\/\/sezona.lv\/en\/wp-json\/wp\/v2\/media?parent=80966"}],"wp:term":[{"taxonomy":"product_brand","embeddable":true,"href":"https:\/\/sezona.lv\/en\/wp-json\/wp\/v2\/product_brand?post=80966"},{"taxonomy":"product_cat","embeddable":true,"href":"https:\/\/sezona.lv\/en\/wp-json\/wp\/v2\/product_cat?post=80966"},{"taxonomy":"product_tag","embeddable":true,"href":"https:\/\/sezona.lv\/en\/wp-json\/wp\/v2\/product_tag?post=80966"}],"curies":[{"name":"wp","href":"https:\/\/api.w.org\/{rel}","templated":true}]}}