{"id":84186,"date":"2025-11-21T13:29:12","date_gmt":"2025-11-21T11:29:12","guid":{"rendered":"https:\/\/www3.sezona.lv\/?post_type=product&#038;p=84186"},"modified":"2025-11-21T13:29:12","modified_gmt":"2025-11-21T11:29:12","slug":"kedite-nazim","status":"publish","type":"product","link":"https:\/\/sezona.lv\/en\/products\/kedite-nazim\/","title":{"rendered":"\u0136\u0113dite nazim"},"content":{"rendered":"<p>\u00a0Vienk\u0101r\u0161a, ta\u010du iztur\u012bga \u0137\u0113d\u012bte Victorinox nazim, kas ne\u013caus to pazaud\u0113t.<\/p>\n","protected":false},"excerpt":{"rendered":"<p>\u00a0Vienk\u0101r\u0161a, ta\u010du iztur\u012bga \u0137\u0113d\u012bte Victorinox nazim, kas ne\u013caus to pazaud\u0113t.<\/p>\n","protected":false},"featured_media":84187,"template":"","meta":[],"product_brand":[54],"product_cat":[3019,5097],"product_tag":[5420,5421,5422],"class_list":{"0":"post-84186","1":"product","2":"type-product","3":"status-publish","4":"has-post-thumbnail","6":"product_brand-victorinox","7":"product_cat-sveices-nazi","8":"product_cat-nazi-un-multitool","9":"product_tag-victorinox","10":"product_tag-victorinox-nazi","11":"product_tag-sveices-nazi","13":"first","14":"instock","15":"purchasable","16":"product-type-simple"},"_links":{"self":[{"href":"https:\/\/sezona.lv\/en\/wp-json\/wp\/v2\/product\/84186","targetHints":{"allow":["GET"]}}],"collection":[{"href":"https:\/\/sezona.lv\/en\/wp-json\/wp\/v2\/product"}],"about":[{"href":"https:\/\/sezona.lv\/en\/wp-json\/wp\/v2\/types\/product"}],"wp:featuredmedia":[{"embeddable":true,"href":"https:\/\/sezona.lv\/en\/wp-json\/wp\/v2\/media\/84187"}],"wp:attachment":[{"href":"https:\/\/sezona.lv\/en\/wp-json\/wp\/v2\/media?parent=84186"}],"wp:term":[{"taxonomy":"product_brand","embeddable":true,"href":"https:\/\/sezona.lv\/en\/wp-json\/wp\/v2\/product_brand?post=84186"},{"taxonomy":"product_cat","embeddable":true,"href":"https:\/\/sezona.lv\/en\/wp-json\/wp\/v2\/product_cat?post=84186"},{"taxonomy":"product_tag","embeddable":true,"href":"https:\/\/sezona.lv\/en\/wp-json\/wp\/v2\/product_tag?post=84186"}],"curies":[{"name":"wp","href":"https:\/\/api.w.org\/{rel}","templated":true}]}}