{"id":84428,"date":"2025-11-21T13:29:11","date_gmt":"2025-11-21T11:29:11","guid":{"rendered":"https:\/\/www3.sezona.lv\/?post_type=product&#038;p=84428"},"modified":"2025-11-21T13:29:11","modified_gmt":"2025-11-21T11:29:11","slug":"kedite-nazim-belt-hanger","status":"publish","type":"product","link":"https:\/\/sezona.lv\/en\/products\/kedite-nazim-belt-hanger\/","title":{"rendered":"\u0136\u0113d\u012bte nazim Belt Hanger"},"content":{"rendered":"<p>\u0136\u0113d\u012bte Victorinox \u0160veices na\u017eiem, kuru var piestiprin\u0101t pie siksnas. Tas ne\u013caus pazust j\u016bsu nazim.<\/p>\n","protected":false},"excerpt":{"rendered":"<p>\u0136\u0113d\u012bte Victorinox \u0160veices na\u017eiem, kuru var piestiprin\u0101t pie siksnas. Tas ne\u013caus pazust j\u016bsu nazim.<\/p>\n","protected":false},"featured_media":84429,"template":"","meta":[],"product_brand":[54],"product_cat":[3019,5097],"product_tag":[5420,5421,5422],"class_list":{"0":"post-84428","1":"product","2":"type-product","3":"status-publish","4":"has-post-thumbnail","6":"product_brand-victorinox","7":"product_cat-sveices-nazi","8":"product_cat-nazi-un-multitool","9":"product_tag-victorinox","10":"product_tag-victorinox-nazi","11":"product_tag-sveices-nazi","13":"first","14":"instock","15":"purchasable","16":"product-type-simple"},"_links":{"self":[{"href":"https:\/\/sezona.lv\/en\/wp-json\/wp\/v2\/product\/84428","targetHints":{"allow":["GET"]}}],"collection":[{"href":"https:\/\/sezona.lv\/en\/wp-json\/wp\/v2\/product"}],"about":[{"href":"https:\/\/sezona.lv\/en\/wp-json\/wp\/v2\/types\/product"}],"wp:featuredmedia":[{"embeddable":true,"href":"https:\/\/sezona.lv\/en\/wp-json\/wp\/v2\/media\/84429"}],"wp:attachment":[{"href":"https:\/\/sezona.lv\/en\/wp-json\/wp\/v2\/media?parent=84428"}],"wp:term":[{"taxonomy":"product_brand","embeddable":true,"href":"https:\/\/sezona.lv\/en\/wp-json\/wp\/v2\/product_brand?post=84428"},{"taxonomy":"product_cat","embeddable":true,"href":"https:\/\/sezona.lv\/en\/wp-json\/wp\/v2\/product_cat?post=84428"},{"taxonomy":"product_tag","embeddable":true,"href":"https:\/\/sezona.lv\/en\/wp-json\/wp\/v2\/product_tag?post=84428"}],"curies":[{"name":"wp","href":"https:\/\/api.w.org\/{rel}","templated":true}]}}