{"id":84434,"date":"2025-11-21T13:29:11","date_gmt":"2025-11-21T11:29:11","guid":{"rendered":"https:\/\/www3.sezona.lv\/?post_type=product&#038;p=84434"},"modified":"2025-11-21T13:29:11","modified_gmt":"2025-11-21T11:29:11","slug":"nazu-asinamais-pocket-knife-sharpener","status":"publish","type":"product","link":"https:\/\/sezona.lv\/en\/products\/nazu-asinamais-pocket-knife-sharpener\/","title":{"rendered":"Na\u017eu asin\u0101mais Pocket Knife Sharpener"},"content":{"rendered":"<p>\u0160is na\u017eu asin\u0101mais ir \u013coti \u0113rti lietojams ce\u013cojumos, jo tas ir viegls un aiz\u0146em maz vietas. J\u016bs varat to \u0146emt l\u012bdzi visos savos piedz\u012bvojumos un \u0101tri un \u0113rti uzasin\u0101t savu Victorinox naz\u012bti.<\/p>\n","protected":false},"excerpt":{"rendered":"<p>\u0160is na\u017eu asin\u0101mais ir \u013coti \u0113rti lietojams ce\u013cojumos, jo tas ir viegls un aiz\u0146em maz vietas. J\u016bs varat to \u0146emt l\u012bdzi visos savos piedz\u012bvojumos un \u0101tri un \u0113rti uzasin\u0101t savu Victorinox naz\u012bti.<\/p>\n","protected":false},"featured_media":84435,"template":"","meta":[],"product_brand":[54],"product_cat":[3019,5097],"product_tag":[5420,5421,5422],"class_list":{"0":"post-84434","1":"product","2":"type-product","3":"status-publish","4":"has-post-thumbnail","6":"product_brand-victorinox","7":"product_cat-sveices-nazi","8":"product_cat-nazi-un-multitool","9":"product_tag-victorinox","10":"product_tag-victorinox-nazi","11":"product_tag-sveices-nazi","13":"first","14":"instock","15":"purchasable","16":"product-type-simple"},"_links":{"self":[{"href":"https:\/\/sezona.lv\/en\/wp-json\/wp\/v2\/product\/84434","targetHints":{"allow":["GET"]}}],"collection":[{"href":"https:\/\/sezona.lv\/en\/wp-json\/wp\/v2\/product"}],"about":[{"href":"https:\/\/sezona.lv\/en\/wp-json\/wp\/v2\/types\/product"}],"wp:featuredmedia":[{"embeddable":true,"href":"https:\/\/sezona.lv\/en\/wp-json\/wp\/v2\/media\/84435"}],"wp:attachment":[{"href":"https:\/\/sezona.lv\/en\/wp-json\/wp\/v2\/media?parent=84434"}],"wp:term":[{"taxonomy":"product_brand","embeddable":true,"href":"https:\/\/sezona.lv\/en\/wp-json\/wp\/v2\/product_brand?post=84434"},{"taxonomy":"product_cat","embeddable":true,"href":"https:\/\/sezona.lv\/en\/wp-json\/wp\/v2\/product_cat?post=84434"},{"taxonomy":"product_tag","embeddable":true,"href":"https:\/\/sezona.lv\/en\/wp-json\/wp\/v2\/product_tag?post=84434"}],"curies":[{"name":"wp","href":"https:\/\/api.w.org\/{rel}","templated":true}]}}