{"id":84550,"date":"2025-11-21T13:29:10","date_gmt":"2025-11-21T11:29:10","guid":{"rendered":"https:\/\/www3.sezona.lv\/?post_type=product&#038;p=84550"},"modified":"2025-11-21T13:29:10","modified_gmt":"2025-11-21T11:29:10","slug":"saliekams-iesms-bbq-fork","status":"publish","type":"product","link":"https:\/\/sezona.lv\/en\/products\/saliekams-iesms-bbq-fork\/","title":{"rendered":"Saliekams iesms BBQ fork"},"content":{"rendered":"<p>BBQ fork lielisks jaunums pie mums no Victorinox. \u012astiem ugunskura cien\u012bt\u0101jiem desu cep\u0161ana un zef\u012bra(marshmallow) apdedzin\u0101\u0161ana tagat ir k\u013cuvusi viegl\u0101ka. Teleskopisks met\u0101la iesms ar vieglu koka rokturi b\u016bs \u012bsts pal\u012bgs pie ugunskura. \u0112rti saliekams neilona uzglab\u0101\u0161anas mak\u0101. Vairs nek\u0101du r\u016bgtu un nodegu\u0161u koka iesmi\u0146u!!<\/p>\n<h4>Specifik\u0101cija:<\/h4>\n<p><strong>Salikt\u0101 veid\u0101:<\/strong> 14.7 cm <br \/><strong>Max. garums:<\/strong> 65.4 cm<\/p>\n","protected":false},"excerpt":{"rendered":"<p>BBQ fork lielisks jaunums pie mums no Victorinox. \u012astiem ugunskura cien\u012bt\u0101jiem desu cep\u0161ana un zef\u012bra(marshmallow) apdedzin\u0101\u0161ana tagat ir k\u013cuvusi viegl\u0101ka. Teleskopisks met\u0101la iesms ar vieglu koka rokturi b\u016bs \u012bsts pal\u012bgs pie ugunskura. \u0112rti saliekams neilona uzglab\u0101\u0161anas mak\u0101. Vairs nek\u0101du r\u016bgtu un nodegu\u0161u koka iesmi\u0146u!! Specifik\u0101cija: Salikt\u0101 veid\u0101: 14.7 cm Max. garums: 65.4 cm<\/p>\n","protected":false},"featured_media":84551,"template":"","meta":[],"product_brand":[54],"product_cat":[3019,5126],"product_tag":[5420,5421,5422],"class_list":{"0":"post-84550","1":"product","2":"type-product","3":"status-publish","4":"has-post-thumbnail","6":"product_brand-victorinox","7":"product_cat-sveices-nazi","8":"product_cat-galda-piederumi","9":"product_tag-victorinox","10":"product_tag-victorinox-nazi","11":"product_tag-sveices-nazi","13":"first","14":"instock","15":"purchasable","16":"product-type-simple"},"_links":{"self":[{"href":"https:\/\/sezona.lv\/en\/wp-json\/wp\/v2\/product\/84550","targetHints":{"allow":["GET"]}}],"collection":[{"href":"https:\/\/sezona.lv\/en\/wp-json\/wp\/v2\/product"}],"about":[{"href":"https:\/\/sezona.lv\/en\/wp-json\/wp\/v2\/types\/product"}],"wp:featuredmedia":[{"embeddable":true,"href":"https:\/\/sezona.lv\/en\/wp-json\/wp\/v2\/media\/84551"}],"wp:attachment":[{"href":"https:\/\/sezona.lv\/en\/wp-json\/wp\/v2\/media?parent=84550"}],"wp:term":[{"taxonomy":"product_brand","embeddable":true,"href":"https:\/\/sezona.lv\/en\/wp-json\/wp\/v2\/product_brand?post=84550"},{"taxonomy":"product_cat","embeddable":true,"href":"https:\/\/sezona.lv\/en\/wp-json\/wp\/v2\/product_cat?post=84550"},{"taxonomy":"product_tag","embeddable":true,"href":"https:\/\/sezona.lv\/en\/wp-json\/wp\/v2\/product_tag?post=84550"}],"curies":[{"name":"wp","href":"https:\/\/api.w.org\/{rel}","templated":true}]}}