{"id":85992,"date":"2025-11-21T13:29:10","date_gmt":"2025-11-21T11:29:10","guid":{"rendered":"https:\/\/www3.sezona.lv\/?post_type=product&#038;p=85992"},"modified":"2025-11-21T13:29:10","modified_gmt":"2025-11-21T11:29:10","slug":"naza-maks-knife-pouch-2-4-slanu","status":"publish","type":"product","link":"https:\/\/sezona.lv\/en\/products\/naza-maks-knife-pouch-2-4-slanu\/","title":{"rendered":"Na\u017ea maks Knife pouch 2-4 sl\u0101\u0146u"},"content":{"rendered":"<p>\u0100das maci\u0146\u0161 Victorinox na\u017eiem. Viegli un \u0113rti piestiprin\u0101ms. Piem\u0113rots 2-4 sl\u0101\u0146u na\u017eiem.<\/p>\n<h4>Specifik\u0101cija:<\/h4>\n<table style=\"height:61px\" width=\"560\">\n<tbody>\n<tr>\n<td><strong>Izm\u0113rs:<\/strong><\/td>\n<td>102x32mm<\/td>\n<\/tr>\n<tr>\n<td><strong>Svars:<\/strong><\/td>\n<td>28g<\/td>\n<\/tr>\n<tr>\n<td><strong>Materi\u0101ls:<\/strong><\/td>\n<td>\u0100da<\/td>\n<\/tr>\n<\/tbody>\n<\/table>\n","protected":false},"excerpt":{"rendered":"<p>\u0100das maci\u0146\u0161 Victorinox na\u017eiem. Viegli un \u0113rti piestiprin\u0101ms. Piem\u0113rots 2-4 sl\u0101\u0146u na\u017eiem. Specifik\u0101cija: Izm\u0113rs: 102x32mm Svars: 28g Materi\u0101ls: \u0100da<\/p>\n","protected":false},"featured_media":85993,"template":"","meta":[],"product_brand":[54],"product_cat":[3019,5097],"product_tag":[5420,5421,5422],"class_list":{"0":"post-85992","1":"product","2":"type-product","3":"status-publish","4":"has-post-thumbnail","6":"product_brand-victorinox","7":"product_cat-sveices-nazi","8":"product_cat-nazi-un-multitool","9":"product_tag-victorinox","10":"product_tag-victorinox-nazi","11":"product_tag-sveices-nazi","13":"first","14":"outofstock","15":"purchasable","16":"product-type-simple"},"_links":{"self":[{"href":"https:\/\/sezona.lv\/en\/wp-json\/wp\/v2\/product\/85992","targetHints":{"allow":["GET"]}}],"collection":[{"href":"https:\/\/sezona.lv\/en\/wp-json\/wp\/v2\/product"}],"about":[{"href":"https:\/\/sezona.lv\/en\/wp-json\/wp\/v2\/types\/product"}],"wp:featuredmedia":[{"embeddable":true,"href":"https:\/\/sezona.lv\/en\/wp-json\/wp\/v2\/media\/85993"}],"wp:attachment":[{"href":"https:\/\/sezona.lv\/en\/wp-json\/wp\/v2\/media?parent=85992"}],"wp:term":[{"taxonomy":"product_brand","embeddable":true,"href":"https:\/\/sezona.lv\/en\/wp-json\/wp\/v2\/product_brand?post=85992"},{"taxonomy":"product_cat","embeddable":true,"href":"https:\/\/sezona.lv\/en\/wp-json\/wp\/v2\/product_cat?post=85992"},{"taxonomy":"product_tag","embeddable":true,"href":"https:\/\/sezona.lv\/en\/wp-json\/wp\/v2\/product_tag?post=85992"}],"curies":[{"name":"wp","href":"https:\/\/api.w.org\/{rel}","templated":true}]}}