{"id":86094,"date":"2025-11-21T13:29:09","date_gmt":"2025-11-21T11:29:09","guid":{"rendered":"https:\/\/www3.sezona.lv\/?post_type=product&#038;p=86094"},"modified":"2025-11-21T13:29:10","modified_gmt":"2025-11-21T11:29:10","slug":"naza-maks-knife-pouch-swisstool-spirit-leather","status":"publish","type":"product","link":"https:\/\/sezona.lv\/en\/products\/naza-maks-knife-pouch-swisstool-spirit-leather\/","title":{"rendered":"Na\u017ea maks Knife pouch SwissTool Spirit, leather"},"content":{"rendered":"<p>Victorinox \u0101das maci\u0146\u0161 nazim.<\/p>\n","protected":false},"excerpt":{"rendered":"<p>Victorinox \u0101das maci\u0146\u0161 nazim.<\/p>\n","protected":false},"featured_media":86095,"template":"","meta":[],"product_brand":[54],"product_cat":[3019,5097],"product_tag":[5420,5421,5422],"class_list":{"0":"post-86094","1":"product","2":"type-product","3":"status-publish","4":"has-post-thumbnail","6":"product_brand-victorinox","7":"product_cat-sveices-nazi","8":"product_cat-nazi-un-multitool","9":"product_tag-victorinox","10":"product_tag-victorinox-nazi","11":"product_tag-sveices-nazi","13":"first","14":"outofstock","15":"purchasable","16":"product-type-simple"},"_links":{"self":[{"href":"https:\/\/sezona.lv\/en\/wp-json\/wp\/v2\/product\/86094","targetHints":{"allow":["GET"]}}],"collection":[{"href":"https:\/\/sezona.lv\/en\/wp-json\/wp\/v2\/product"}],"about":[{"href":"https:\/\/sezona.lv\/en\/wp-json\/wp\/v2\/types\/product"}],"wp:featuredmedia":[{"embeddable":true,"href":"https:\/\/sezona.lv\/en\/wp-json\/wp\/v2\/media\/86095"}],"wp:attachment":[{"href":"https:\/\/sezona.lv\/en\/wp-json\/wp\/v2\/media?parent=86094"}],"wp:term":[{"taxonomy":"product_brand","embeddable":true,"href":"https:\/\/sezona.lv\/en\/wp-json\/wp\/v2\/product_brand?post=86094"},{"taxonomy":"product_cat","embeddable":true,"href":"https:\/\/sezona.lv\/en\/wp-json\/wp\/v2\/product_cat?post=86094"},{"taxonomy":"product_tag","embeddable":true,"href":"https:\/\/sezona.lv\/en\/wp-json\/wp\/v2\/product_tag?post=86094"}],"curies":[{"name":"wp","href":"https:\/\/api.w.org\/{rel}","templated":true}]}}