{"id":86430,"date":"2025-11-21T13:29:09","date_gmt":"2025-11-21T11:29:09","guid":{"rendered":"https:\/\/www3.sezona.lv\/?post_type=product&#038;p=86430"},"modified":"2025-11-21T13:29:09","modified_gmt":"2025-11-21T11:29:09","slug":"nazis-companion-wood-91mm-swiss-spirit-limited-edition-2023","status":"publish","type":"product","link":"https:\/\/sezona.lv\/en\/products\/nazis-companion-wood-91mm-swiss-spirit-limited-edition-2023\/","title":{"rendered":"Nazis Companion Wood, 91mm, Swiss Spirit Limited Edition 2023"},"content":{"rendered":"<p>Victorinox Swiss Spirit 2023 limit\u0113tas s\u0113rijas nazis ar kr\u0101\u0161nu l\u0101zera grav\u0113tu valrieksta koka korpusu un inovat\u012bva dizaina paci\u0146u un iepakojuma atv\u0113r\u0113ju. Izdots 12 000 eksempl\u0101ros.<\/p>\n<h4>Specifik\u0101cija:<\/h4>\n<table style=\"height:86px\" width=\"572\">\n<tbody>\n<tr>\n<td><strong>Izm\u0113rs:<\/strong><\/td>\n<td>91mm x 17mm<\/td>\n<\/tr>\n<tr>\n<td><strong>Svars:<\/strong><\/td>\n<td>80 g<\/td>\n<\/tr>\n<\/tbody>\n<\/table>\n<h4>Funkcijas:<\/h4>\n<ol>\n<li>Ri\u0146\u0137is atsl\u0113g\u0101m<\/li>\n<li>\u012alens un perforators<\/li>\n<li>Paci\u0146u atv\u0113r\u0113js<\/li>\n<li>3mm skr\u016bvgriezis<\/li>\n<li>Pude\u013cu atv\u0113r\u0113js<\/li>\n<li>6mm skr\u016bvgriezis<\/li>\n<li>Vadu apvalka no\u0146\u0113m\u0113js<\/li>\n<li>Multifunkcion\u0101ls \u0101\u0137is<\/li>\n<li>Nagu v\u012ble<\/li>\n<li>Nagu t\u012br\u012bt\u0101js<\/li>\n<li>Liels asmens<\/li>\n<li>Kor\u0137uvi\u013c\u0137is<\/li>\n<li>\u0160\u0137\u0113res<\/li>\n<\/ol>\n","protected":false},"excerpt":{"rendered":"<p>Victorinox Swiss Spirit 2023 limit\u0113tas s\u0113rijas nazis ar kr\u0101\u0161nu l\u0101zera grav\u0113tu valrieksta koka korpusu un inovat\u012bva dizaina paci\u0146u un iepakojuma atv\u0113r\u0113ju. Izdots 12 000 eksempl\u0101ros. Specifik\u0101cija: Izm\u0113rs: 91mm x 17mm Svars: 80 g Funkcijas: Ri\u0146\u0137is atsl\u0113g\u0101m \u012alens un perforators Paci\u0146u atv\u0113r\u0113js 3mm skr\u016bvgriezis Pude\u013cu atv\u0113r\u0113js 6mm skr\u016bvgriezis Vadu apvalka no\u0146\u0113m\u0113js Multifunkcion\u0101ls \u0101\u0137is Nagu v\u012ble Nagu [&hellip;]<\/p>\n","protected":false},"featured_media":86431,"template":"","meta":[],"product_brand":[54],"product_cat":[3019,5097],"product_tag":[5420,5421,5422],"class_list":{"0":"post-86430","1":"product","2":"type-product","3":"status-publish","4":"has-post-thumbnail","6":"product_brand-victorinox","7":"product_cat-sveices-nazi","8":"product_cat-nazi-un-multitool","9":"product_tag-victorinox","10":"product_tag-victorinox-nazi","11":"product_tag-sveices-nazi","13":"first","14":"instock","15":"purchasable","16":"product-type-simple"},"_links":{"self":[{"href":"https:\/\/sezona.lv\/en\/wp-json\/wp\/v2\/product\/86430","targetHints":{"allow":["GET"]}}],"collection":[{"href":"https:\/\/sezona.lv\/en\/wp-json\/wp\/v2\/product"}],"about":[{"href":"https:\/\/sezona.lv\/en\/wp-json\/wp\/v2\/types\/product"}],"wp:featuredmedia":[{"embeddable":true,"href":"https:\/\/sezona.lv\/en\/wp-json\/wp\/v2\/media\/86431"}],"wp:attachment":[{"href":"https:\/\/sezona.lv\/en\/wp-json\/wp\/v2\/media?parent=86430"}],"wp:term":[{"taxonomy":"product_brand","embeddable":true,"href":"https:\/\/sezona.lv\/en\/wp-json\/wp\/v2\/product_brand?post=86430"},{"taxonomy":"product_cat","embeddable":true,"href":"https:\/\/sezona.lv\/en\/wp-json\/wp\/v2\/product_cat?post=86430"},{"taxonomy":"product_tag","embeddable":true,"href":"https:\/\/sezona.lv\/en\/wp-json\/wp\/v2\/product_tag?post=86430"}],"curies":[{"name":"wp","href":"https:\/\/api.w.org\/{rel}","templated":true}]}}