{"id":86624,"date":"2025-11-21T13:29:09","date_gmt":"2025-11-21T11:29:09","guid":{"rendered":"https:\/\/www3.sezona.lv\/?post_type=product&#038;p=86624"},"modified":"2025-11-21T13:29:09","modified_gmt":"2025-11-21T11:29:09","slug":"nazis-ranger-wood-55","status":"publish","type":"product","link":"https:\/\/sezona.lv\/en\/products\/nazis-ranger-wood-55\/","title":{"rendered":"Nazis Ranger Wood 55"},"content":{"rendered":"<p>Victorinox Ranger 55 Wood multifunkcion\u0101ls kabatas nazis ar z\u0101\u0123i kokam, blo\u0137\u0113jamu asmeni un elegantu valrieksta korpusu.<\/p>\n<p>&#013;<\/p>\n<h4>Specifik\u0101cija:<\/h4>\n<p>&#013;<\/p>\n<table style=\"height: 44px\" width=\"568\">&#013;<\/p>\n<tbody>&#013;<\/p>\n<tr>&#013;<\/p>\n<td><strong>Izm\u0113rs:<\/strong><\/td>\n<p>&#013;<\/p>\n<td>130 mm<\/td>\n<p>&#013;<br \/>\n<\/tr>\n<p>&#013;<\/p>\n<tr>&#013;<\/p>\n<td><strong>Svars:<\/strong><\/td>\n<p>&#013;<\/p>\n<td>163 grami<\/td>\n<p>&#013;<br \/>\n<\/tr>\n<p>&#013;<br \/>\n<\/tbody>\n<p>&#013;<br \/>\n<\/table>\n<p>&#013;<\/p>\n<h4>Funkcijas:<\/h4>\n<p>&#013;<\/p>\n<ol>&#013;<\/p>\n<li>Ri\u0146\u0137is atsl\u0113g\u0101m<\/li>\n<p>&#013;<\/p>\n<li>\u012alens<\/li>\n<p>&#013;<\/p>\n<li>Pude\u013cu attais\u0101mais<\/li>\n<p>&#013;<\/p>\n<li>5mm skr\u016bvgriezis (blo\u0137\u0113jams)<\/li>\n<p>&#013;<\/p>\n<li>Vadu apvalka no\u0146\u0113m\u0113js<\/li>\n<p>&#013;<\/p>\n<li>Konservu attais\u0101mais<\/li>\n<p>&#013;<\/p>\n<li>3mm skr\u016bvgriezis<\/li>\n<p>&#013;<\/p>\n<li>Liels asmens (blo\u0137\u0113jams)<\/li>\n<p>&#013;<\/p>\n<li>Kor\u0137uvi\u013c\u0137is<\/li>\n<p>&#013;<\/p>\n<li>Z\u0101\u0123is kokam<\/li>\n<p>&#013;\n<\/ol>\n","protected":false},"excerpt":{"rendered":"<p>Victorinox Ranger 55 Wood multifunkcion\u0101ls kabatas nazis ar z\u0101\u0123i kokam, blo\u0137\u0113jamu asmeni un elegantu valrieksta korpusu. &#013; Specifik\u0101cija: &#013; &#013; &#013; &#013; Izm\u0113rs: &#013; 130 mm &#013; &#013; &#013; Svars: &#013; 163 grami &#013; &#013; &#013; &#013; Funkcijas: &#013; &#013; Ri\u0146\u0137is atsl\u0113g\u0101m &#013; \u012alens &#013; Pude\u013cu attais\u0101mais &#013; 5mm skr\u016bvgriezis (blo\u0137\u0113jams) &#013; Vadu apvalka no\u0146\u0113m\u0113js [&hellip;]<\/p>\n","protected":false},"featured_media":86625,"template":"","meta":[],"product_brand":[54],"product_cat":[3019,5097],"product_tag":[5420,5421,5422],"class_list":{"0":"post-86624","1":"product","2":"type-product","3":"status-publish","4":"has-post-thumbnail","6":"product_brand-victorinox","7":"product_cat-sveices-nazi","8":"product_cat-nazi-un-multitool","9":"product_tag-victorinox","10":"product_tag-victorinox-nazi","11":"product_tag-sveices-nazi","13":"first","14":"outofstock","15":"purchasable","16":"product-type-simple"},"_links":{"self":[{"href":"https:\/\/sezona.lv\/en\/wp-json\/wp\/v2\/product\/86624","targetHints":{"allow":["GET"]}}],"collection":[{"href":"https:\/\/sezona.lv\/en\/wp-json\/wp\/v2\/product"}],"about":[{"href":"https:\/\/sezona.lv\/en\/wp-json\/wp\/v2\/types\/product"}],"wp:featuredmedia":[{"embeddable":true,"href":"https:\/\/sezona.lv\/en\/wp-json\/wp\/v2\/media\/86625"}],"wp:attachment":[{"href":"https:\/\/sezona.lv\/en\/wp-json\/wp\/v2\/media?parent=86624"}],"wp:term":[{"taxonomy":"product_brand","embeddable":true,"href":"https:\/\/sezona.lv\/en\/wp-json\/wp\/v2\/product_brand?post=86624"},{"taxonomy":"product_cat","embeddable":true,"href":"https:\/\/sezona.lv\/en\/wp-json\/wp\/v2\/product_cat?post=86624"},{"taxonomy":"product_tag","embeddable":true,"href":"https:\/\/sezona.lv\/en\/wp-json\/wp\/v2\/product_tag?post=86624"}],"curies":[{"name":"wp","href":"https:\/\/api.w.org\/{rel}","templated":true}]}}