{"id":86626,"date":"2025-11-21T13:29:08","date_gmt":"2025-11-21T11:29:08","guid":{"rendered":"https:\/\/www3.sezona.lv\/?post_type=product&#038;p=86626"},"modified":"2025-11-21T13:29:08","modified_gmt":"2025-11-21T11:29:08","slug":"nazis-tinker","status":"publish","type":"product","link":"https:\/\/sezona.lv\/en\/products\/nazis-tinker\/","title":{"rendered":"Nazis Tinker"},"content":{"rendered":"<p>Victorinox Tinker vid\u0113eja izm\u0113ra kabatas nazis ar \u012blenu, skr\u016bvgriezi un diviem asme\u0146iem.<\/p>\n<p>&#013;<\/p>\n<h4>Specifik\u0101cija:<\/h4>\n<p>&#013;<\/p>\n<table style=\"height: 44px\" width=\"568\">&#013;<\/p>\n<tbody>&#013;<\/p>\n<tr>&#013;<\/p>\n<td><strong>Izm\u0113rs:<\/strong><\/td>\n<p>&#013;<\/p>\n<td>91 mm<\/td>\n<p>&#013;<br \/>\n<\/tr>\n<p>&#013;<\/p>\n<tr>&#013;<\/p>\n<td><strong>Svars:<\/strong><\/td>\n<p>&#013;<\/p>\n<td>62 grami<\/td>\n<p>&#013;<br \/>\n<\/tr>\n<p>&#013;<br \/>\n<\/tbody>\n<p>&#013;<br \/>\n<\/table>\n<p>&#013;<\/p>\n<h4>Funkcijas:<\/h4>\n<p>&#013;<\/p>\n<ol>&#013;<\/p>\n<li>Zobu bakst\u0101mais<\/li>\n<p>&#013;<\/p>\n<li>Konservu attais\u0101mais<\/li>\n<p>&#013;<\/p>\n<li>3mm skr\u016bvgriezis<\/li>\n<p>&#013;<\/p>\n<li>Pincete<\/li>\n<p>&#013;<\/p>\n<li>Pude\u013cu attais\u0101mais<\/li>\n<p>&#013;<\/p>\n<li>6mm skr\u016bvgriezis<\/li>\n<p>&#013;<\/p>\n<li>Vadu apvalka no\u0146\u0113m\u0113js<\/li>\n<p>&#013;<\/p>\n<li>\u012alens<\/li>\n<p>&#013;<\/p>\n<li>R\u012b\u0146\u0137is atsl\u0113g;am<\/li>\n<p>&#013;<\/p>\n<li>Liels asmens<\/li>\n<p>&#013;<\/p>\n<li>1\/2 skr\u016bvgriezis<\/li>\n<p>&#013;<\/p>\n<li>Mazs asmens<\/li>\n<p>&#013;\n<\/ol>\n","protected":false},"excerpt":{"rendered":"<p>Victorinox Tinker vid\u0113eja izm\u0113ra kabatas nazis ar \u012blenu, skr\u016bvgriezi un diviem asme\u0146iem. &#013; Specifik\u0101cija: &#013; &#013; &#013; &#013; Izm\u0113rs: &#013; 91 mm &#013; &#013; &#013; Svars: &#013; 62 grami &#013; &#013; &#013; &#013; Funkcijas: &#013; &#013; Zobu bakst\u0101mais &#013; Konservu attais\u0101mais &#013; 3mm skr\u016bvgriezis &#013; Pincete &#013; Pude\u013cu attais\u0101mais &#013; 6mm skr\u016bvgriezis &#013; Vadu apvalka [&hellip;]<\/p>\n","protected":false},"featured_media":86627,"template":"","meta":[],"product_brand":[54],"product_cat":[3019,5097],"product_tag":[5420,5421,5422],"class_list":{"0":"post-86626","1":"product","2":"type-product","3":"status-publish","4":"has-post-thumbnail","6":"product_brand-victorinox","7":"product_cat-sveices-nazi","8":"product_cat-nazi-un-multitool","9":"product_tag-victorinox","10":"product_tag-victorinox-nazi","11":"product_tag-sveices-nazi","13":"first","14":"outofstock","15":"purchasable","16":"product-type-simple"},"_links":{"self":[{"href":"https:\/\/sezona.lv\/en\/wp-json\/wp\/v2\/product\/86626","targetHints":{"allow":["GET"]}}],"collection":[{"href":"https:\/\/sezona.lv\/en\/wp-json\/wp\/v2\/product"}],"about":[{"href":"https:\/\/sezona.lv\/en\/wp-json\/wp\/v2\/types\/product"}],"wp:featuredmedia":[{"embeddable":true,"href":"https:\/\/sezona.lv\/en\/wp-json\/wp\/v2\/media\/86627"}],"wp:attachment":[{"href":"https:\/\/sezona.lv\/en\/wp-json\/wp\/v2\/media?parent=86626"}],"wp:term":[{"taxonomy":"product_brand","embeddable":true,"href":"https:\/\/sezona.lv\/en\/wp-json\/wp\/v2\/product_brand?post=86626"},{"taxonomy":"product_cat","embeddable":true,"href":"https:\/\/sezona.lv\/en\/wp-json\/wp\/v2\/product_cat?post=86626"},{"taxonomy":"product_tag","embeddable":true,"href":"https:\/\/sezona.lv\/en\/wp-json\/wp\/v2\/product_tag?post=86626"}],"curies":[{"name":"wp","href":"https:\/\/api.w.org\/{rel}","templated":true}]}}