{"id":86628,"date":"2025-11-21T13:29:08","date_gmt":"2025-11-21T11:29:08","guid":{"rendered":"https:\/\/www3.sezona.lv\/?post_type=product&#038;p=86628"},"modified":"2025-11-21T13:29:08","modified_gmt":"2025-11-21T11:29:08","slug":"aksesuaru-komplekts-venture-pro-kit","status":"publish","type":"product","link":"https:\/\/sezona.lv\/en\/products\/aksesuaru-komplekts-venture-pro-kit\/","title":{"rendered":"Aksesu\u0101ru komplekts VENTURE Pro Kit"},"content":{"rendered":"<p>Aksesu\u0101ru komplekts Victorinox Venture Pro nazim ar 2cm plakano urbi un div\u0101m galodi\u0146\u0101m asin\u0101\u0161anai. Iztur\u012bgs 600D poliestera maci\u0146\u0161.<\/p>\n<p>&#013;<\/p>\n<h4>Specifik\u0101cija:<\/h4>\n<p>&#013;<\/p>\n<table style=\"height: 61px\" width=\"581\">&#013;<\/p>\n<tbody>&#013;<\/p>\n<tr>&#013;<\/p>\n<td><strong>Materi\u0101ls:<\/strong><\/td>\n<p>&#013;<\/p>\n<td>600D polyester<\/td>\n<p>&#013;<br \/>\n<\/tr>\n<p>&#013;<\/p>\n<tr>&#013;<\/p>\n<td><strong>Svars:<\/strong><\/td>\n<p>&#013;<\/p>\n<td>130g<\/td>\n<p>&#013;<br \/>\n<\/tr>\n<p>&#013;<\/p>\n<tr>&#013;<\/p>\n<td><strong>Izm\u0113ri: <\/strong><\/td>\n<p>&#013;<\/p>\n<td>H33mm<br \/>A166mm<br \/>P71mm<\/td>\n<p>&#013;<br \/>\n<\/tr>\n<p>&#013;<br \/>\n<\/tbody>\n<p>&#013;<br \/>\n<\/table>\n","protected":false},"excerpt":{"rendered":"<p>Aksesu\u0101ru komplekts Victorinox Venture Pro nazim ar 2cm plakano urbi un div\u0101m galodi\u0146\u0101m asin\u0101\u0161anai. Iztur\u012bgs 600D poliestera maci\u0146\u0161. &#013; Specifik\u0101cija: &#013; &#013; &#013; &#013; Materi\u0101ls: &#013; 600D polyester &#013; &#013; &#013; Svars: &#013; 130g &#013; &#013; &#013; Izm\u0113ri: &#013; H33mmA166mmP71mm &#013; &#013; &#013;<\/p>\n","protected":false},"featured_media":86629,"template":"","meta":[],"product_brand":[54],"product_cat":[3019,5097],"product_tag":[5420,5421,5422],"class_list":{"0":"post-86628","1":"product","2":"type-product","3":"status-publish","4":"has-post-thumbnail","6":"product_brand-victorinox","7":"product_cat-sveices-nazi","8":"product_cat-nazi-un-multitool","9":"product_tag-victorinox","10":"product_tag-victorinox-nazi","11":"product_tag-sveices-nazi","13":"first","14":"outofstock","15":"purchasable","16":"product-type-simple"},"_links":{"self":[{"href":"https:\/\/sezona.lv\/en\/wp-json\/wp\/v2\/product\/86628","targetHints":{"allow":["GET"]}}],"collection":[{"href":"https:\/\/sezona.lv\/en\/wp-json\/wp\/v2\/product"}],"about":[{"href":"https:\/\/sezona.lv\/en\/wp-json\/wp\/v2\/types\/product"}],"wp:featuredmedia":[{"embeddable":true,"href":"https:\/\/sezona.lv\/en\/wp-json\/wp\/v2\/media\/86629"}],"wp:attachment":[{"href":"https:\/\/sezona.lv\/en\/wp-json\/wp\/v2\/media?parent=86628"}],"wp:term":[{"taxonomy":"product_brand","embeddable":true,"href":"https:\/\/sezona.lv\/en\/wp-json\/wp\/v2\/product_brand?post=86628"},{"taxonomy":"product_cat","embeddable":true,"href":"https:\/\/sezona.lv\/en\/wp-json\/wp\/v2\/product_cat?post=86628"},{"taxonomy":"product_tag","embeddable":true,"href":"https:\/\/sezona.lv\/en\/wp-json\/wp\/v2\/product_tag?post=86628"}],"curies":[{"name":"wp","href":"https:\/\/api.w.org\/{rel}","templated":true}]}}