{"id":86980,"date":"2025-11-21T13:29:08","date_gmt":"2025-11-21T11:29:08","guid":{"rendered":"https:\/\/www3.sezona.lv\/?post_type=product&#038;p=86980"},"modified":"2025-11-21T13:29:08","modified_gmt":"2025-11-21T11:29:08","slug":"victorinox-manikira-komplekts-rubis","status":"publish","type":"product","link":"https:\/\/sezona.lv\/en\/products\/victorinox-manikira-komplekts-rubis\/","title":{"rendered":"Victorinox manik\u012bra komplekts RUBIS"},"content":{"rendered":"<p>Victorinox augstas kvalit\u0101tes manik\u012bra komplekts ar \u0101das maci\u0146u. Komplekt\u0101 ner\u016bs\u0113jo\u0161\u0101 t\u0113rauda nagu \u0161\u0137\u0113r\u012btes, pincete un nagu v\u012bl\u012bte. Kompakts izm\u0113rs, noderes gan ce\u013cojot gan ikdien\u0101.<\/p>\n","protected":false},"excerpt":{"rendered":"<p>Victorinox augstas kvalit\u0101tes manik\u012bra komplekts ar \u0101das maci\u0146u. Komplekt\u0101 ner\u016bs\u0113jo\u0161\u0101 t\u0113rauda nagu \u0161\u0137\u0113r\u012btes, pincete un nagu v\u012bl\u012bte. Kompakts izm\u0113rs, noderes gan ce\u013cojot gan ikdien\u0101.<\/p>\n","protected":false},"featured_media":86981,"template":"","meta":[],"product_brand":[54],"product_cat":[3019,5104],"product_tag":[5420,5421,5422],"class_list":{"0":"post-86980","1":"product","2":"type-product","3":"status-publish","4":"has-post-thumbnail","6":"product_brand-victorinox","7":"product_cat-sveices-nazi","8":"product_cat-higienas-piederumi","9":"product_tag-victorinox","10":"product_tag-victorinox-nazi","11":"product_tag-sveices-nazi","13":"first","14":"instock","15":"purchasable","16":"product-type-simple"},"_links":{"self":[{"href":"https:\/\/sezona.lv\/en\/wp-json\/wp\/v2\/product\/86980","targetHints":{"allow":["GET"]}}],"collection":[{"href":"https:\/\/sezona.lv\/en\/wp-json\/wp\/v2\/product"}],"about":[{"href":"https:\/\/sezona.lv\/en\/wp-json\/wp\/v2\/types\/product"}],"wp:featuredmedia":[{"embeddable":true,"href":"https:\/\/sezona.lv\/en\/wp-json\/wp\/v2\/media\/86981"}],"wp:attachment":[{"href":"https:\/\/sezona.lv\/en\/wp-json\/wp\/v2\/media?parent=86980"}],"wp:term":[{"taxonomy":"product_brand","embeddable":true,"href":"https:\/\/sezona.lv\/en\/wp-json\/wp\/v2\/product_brand?post=86980"},{"taxonomy":"product_cat","embeddable":true,"href":"https:\/\/sezona.lv\/en\/wp-json\/wp\/v2\/product_cat?post=86980"},{"taxonomy":"product_tag","embeddable":true,"href":"https:\/\/sezona.lv\/en\/wp-json\/wp\/v2\/product_tag?post=86980"}],"curies":[{"name":"wp","href":"https:\/\/api.w.org\/{rel}","templated":true}]}}