{"id":87070,"date":"2025-11-21T12:24:14","date_gmt":"2025-11-21T10:24:14","guid":{"rendered":"https:\/\/www3.sezona.lv\/?post_type=product&#038;p=87070"},"modified":"2026-01-16T10:52:16","modified_gmt":"2026-01-16T08:52:16","slug":"zippo-benzina-silditajs-handwarmer-12h","status":"publish","type":"product","link":"https:\/\/sezona.lv\/en\/products\/zippo-benzina-silditajs-handwarmer-12h\/","title":{"rendered":"Zippo Benz\u012bna sild\u012bt\u0101js HANDWARMER 12h"},"content":{"rendered":"<p>\u0160is, efekt\u012bvais katal\u012btiskais benz\u012bna roku sild\u012bt\u0101js ir k\u0101 gl\u0101bi\u0146\u0161 aukstaj\u0101s ziemas dien\u0101s, kad esi \u0101r\u0101. Vienk\u0101r\u0161i lietojams. Lieliska d\u0101vana zemledus mak\u0161\u0137erniekiem vai medniekiem.<\/p>\n<h4>Specifik\u0101cija:<\/h4>\n<p>Izm\u0113ri: 10.2 x 6.8 x 1.6 cm<\/p>\n<p>Svars: 72g<\/p>\n<p>&nbsp;<\/p>\n<p>Darb\u012bbas laiks l\u012bdz pat 12h<\/p>\n<p>Darbojas ar \u0161\u0137iltavu degvielu<\/p>\n<p>Komplekt\u0101 maisi\u0146\u0161\/apvalks, piltuve un sild\u012bt\u0101js<\/p>\n","protected":false},"excerpt":{"rendered":"<p>\u0160is, efekt\u012bvais katal\u012btiskais benz\u012bna roku sild\u012bt\u0101js ir k\u0101 gl\u0101bi\u0146\u0161 aukstaj\u0101s ziemas dien\u0101s, kad esi \u0101r\u0101. Vienk\u0101r\u0161i lietojams. Lieliska d\u0101vana zemledus mak\u0161\u0137erniekiem vai medniekiem. Specifik\u0101cija: Izm\u0113ri: 10.2 x 6.8 x 1.6 cm Svars: 72g &nbsp; Darb\u012bbas laiks l\u012bdz pat 12h Darbojas ar \u0161\u0137iltavu degvielu Komplekt\u0101 maisi\u0146\u0161\/apvalks, piltuve un sild\u012bt\u0101js<\/p>\n","protected":false},"featured_media":108233,"template":"","meta":[],"product_brand":[3440],"product_cat":[3078,5091],"product_tag":[5709],"class_list":{"0":"post-87070","1":"product","2":"type-product","3":"status-publish","4":"has-post-thumbnail","6":"product_brand-zippo","7":"product_cat-kermena-silditaji","8":"product_cat-silditaji-un-laternas","9":"product_tag-zippo-benzina-silditajs-handwarmer-12h","11":"first","12":"instock","13":"sale","14":"purchasable","15":"product-type-variable"},"_links":{"self":[{"href":"https:\/\/sezona.lv\/en\/wp-json\/wp\/v2\/product\/87070","targetHints":{"allow":["GET"]}}],"collection":[{"href":"https:\/\/sezona.lv\/en\/wp-json\/wp\/v2\/product"}],"about":[{"href":"https:\/\/sezona.lv\/en\/wp-json\/wp\/v2\/types\/product"}],"wp:featuredmedia":[{"embeddable":true,"href":"https:\/\/sezona.lv\/en\/wp-json\/wp\/v2\/media\/108233"}],"wp:attachment":[{"href":"https:\/\/sezona.lv\/en\/wp-json\/wp\/v2\/media?parent=87070"}],"wp:term":[{"taxonomy":"product_brand","embeddable":true,"href":"https:\/\/sezona.lv\/en\/wp-json\/wp\/v2\/product_brand?post=87070"},{"taxonomy":"product_cat","embeddable":true,"href":"https:\/\/sezona.lv\/en\/wp-json\/wp\/v2\/product_cat?post=87070"},{"taxonomy":"product_tag","embeddable":true,"href":"https:\/\/sezona.lv\/en\/wp-json\/wp\/v2\/product_tag?post=87070"}],"curies":[{"name":"wp","href":"https:\/\/api.w.org\/{rel}","templated":true}]}}