{"id":88035,"date":"2025-11-21T13:29:06","date_gmt":"2025-11-21T11:29:06","guid":{"rendered":"https:\/\/www3.sezona.lv\/?post_type=product&#038;p=88035"},"modified":"2025-11-21T13:29:06","modified_gmt":"2025-11-21T11:29:06","slug":"naza-maks-nylon-pouch","status":"publish","type":"product","link":"https:\/\/sezona.lv\/en\/products\/naza-maks-nylon-pouch\/","title":{"rendered":"Na\u017ea maks Nylon Pouch"},"content":{"rendered":"<p>Na\u017ea maks, kas ir izgatavots no bieza un iztur\u012bga neilona. To var stiprin\u0101t pie jostas. \u0160is maks ir paredz\u0113ts priek\u0161 Victorinox Swiss Tool Spirit un Soldier na\u017eiem. Maks ir \u0113rti attais\u0101ms.<\/p>\n","protected":false},"excerpt":{"rendered":"<p>Na\u017ea maks, kas ir izgatavots no bieza un iztur\u012bga neilona. To var stiprin\u0101t pie jostas. \u0160is maks ir paredz\u0113ts priek\u0161 Victorinox Swiss Tool Spirit un Soldier na\u017eiem. Maks ir \u0113rti attais\u0101ms.<\/p>\n","protected":false},"featured_media":88036,"template":"","meta":[],"product_brand":[54],"product_cat":[3019,5097],"product_tag":[5420,5421,5422],"class_list":{"0":"post-88035","1":"product","2":"type-product","3":"status-publish","4":"has-post-thumbnail","6":"product_brand-victorinox","7":"product_cat-sveices-nazi","8":"product_cat-nazi-un-multitool","9":"product_tag-victorinox","10":"product_tag-victorinox-nazi","11":"product_tag-sveices-nazi","13":"first","14":"instock","15":"purchasable","16":"product-type-simple"},"_links":{"self":[{"href":"https:\/\/sezona.lv\/en\/wp-json\/wp\/v2\/product\/88035","targetHints":{"allow":["GET"]}}],"collection":[{"href":"https:\/\/sezona.lv\/en\/wp-json\/wp\/v2\/product"}],"about":[{"href":"https:\/\/sezona.lv\/en\/wp-json\/wp\/v2\/types\/product"}],"wp:featuredmedia":[{"embeddable":true,"href":"https:\/\/sezona.lv\/en\/wp-json\/wp\/v2\/media\/88036"}],"wp:attachment":[{"href":"https:\/\/sezona.lv\/en\/wp-json\/wp\/v2\/media?parent=88035"}],"wp:term":[{"taxonomy":"product_brand","embeddable":true,"href":"https:\/\/sezona.lv\/en\/wp-json\/wp\/v2\/product_brand?post=88035"},{"taxonomy":"product_cat","embeddable":true,"href":"https:\/\/sezona.lv\/en\/wp-json\/wp\/v2\/product_cat?post=88035"},{"taxonomy":"product_tag","embeddable":true,"href":"https:\/\/sezona.lv\/en\/wp-json\/wp\/v2\/product_tag?post=88035"}],"curies":[{"name":"wp","href":"https:\/\/api.w.org\/{rel}","templated":true}]}}