{"id":88037,"date":"2025-11-21T13:29:06","date_gmt":"2025-11-21T11:29:06","guid":{"rendered":"https:\/\/www3.sezona.lv\/?post_type=product&#038;p=88037"},"modified":"2025-11-21T13:29:06","modified_gmt":"2025-11-21T11:29:06","slug":"ella-naziem-multi-tool-oil-2","status":"publish","type":"product","link":"https:\/\/sezona.lv\/en\/products\/ella-naziem-multi-tool-oil-2\/","title":{"rendered":"E\u013c\u013ca na\u017eiem Multi Tool Oil"},"content":{"rendered":"<p>Speci\u0101l\u0101 e\u013c\u013ca Victorinox na\u017eiem un multi tool instrumentiem. Ar e\u013c\u013cu iee\u013c\u013co instrumentu kust\u012bg\u0101s da\u013cas, lai t\u0101s b\u016btu \u0113rt\u0101k atv\u0113rt un aizv\u0113rt, aizsarg\u0101 no korozijas.<\/p>\n","protected":false},"excerpt":{"rendered":"<p>Speci\u0101l\u0101 e\u013c\u013ca Victorinox na\u017eiem un multi tool instrumentiem. Ar e\u013c\u013cu iee\u013c\u013co instrumentu kust\u012bg\u0101s da\u013cas, lai t\u0101s b\u016btu \u0113rt\u0101k atv\u0113rt un aizv\u0113rt, aizsarg\u0101 no korozijas.<\/p>\n","protected":false},"featured_media":88038,"template":"","meta":[],"product_brand":[54],"product_cat":[3019,5097],"product_tag":[5420,5421,5422],"class_list":{"0":"post-88037","1":"product","2":"type-product","3":"status-publish","4":"has-post-thumbnail","6":"product_brand-victorinox","7":"product_cat-sveices-nazi","8":"product_cat-nazi-un-multitool","9":"product_tag-victorinox","10":"product_tag-victorinox-nazi","11":"product_tag-sveices-nazi","13":"first","14":"outofstock","15":"purchasable","16":"product-type-simple"},"_links":{"self":[{"href":"https:\/\/sezona.lv\/en\/wp-json\/wp\/v2\/product\/88037","targetHints":{"allow":["GET"]}}],"collection":[{"href":"https:\/\/sezona.lv\/en\/wp-json\/wp\/v2\/product"}],"about":[{"href":"https:\/\/sezona.lv\/en\/wp-json\/wp\/v2\/types\/product"}],"wp:featuredmedia":[{"embeddable":true,"href":"https:\/\/sezona.lv\/en\/wp-json\/wp\/v2\/media\/88038"}],"wp:attachment":[{"href":"https:\/\/sezona.lv\/en\/wp-json\/wp\/v2\/media?parent=88037"}],"wp:term":[{"taxonomy":"product_brand","embeddable":true,"href":"https:\/\/sezona.lv\/en\/wp-json\/wp\/v2\/product_brand?post=88037"},{"taxonomy":"product_cat","embeddable":true,"href":"https:\/\/sezona.lv\/en\/wp-json\/wp\/v2\/product_cat?post=88037"},{"taxonomy":"product_tag","embeddable":true,"href":"https:\/\/sezona.lv\/en\/wp-json\/wp\/v2\/product_tag?post=88037"}],"curies":[{"name":"wp","href":"https:\/\/api.w.org\/{rel}","templated":true}]}}