{"id":88042,"date":"2025-11-21T13:29:05","date_gmt":"2025-11-21T11:29:05","guid":{"rendered":"https:\/\/www3.sezona.lv\/?post_type=product&#038;p=88042"},"modified":"2025-11-21T13:29:05","modified_gmt":"2025-11-21T11:29:05","slug":"atspere-skerem-2","status":"publish","type":"product","link":"https:\/\/sezona.lv\/en\/products\/atspere-skerem-2\/","title":{"rendered":"Atspere \u0161\u0137\u0113r\u0113m"},"content":{"rendered":"<p>Rezerves atspere Victorinox \u0160veices na\u017eu \u0161\u0137\u0113r\u012bt\u0113m. Pieejama divos izm\u0113ros gan lielajiem, gan ar\u012b mazajiem na\u017eiem.<\/p>\n<h4>Specifik\u0101cija:<\/h4>\n<\/p>\n<ul>\n<li><strong>Small<\/strong> izm\u0113rs piem\u0113rots mazajiem mode\u013ciem, t\u0101diem k\u0101 SD Classic, Rambler.<\/li>\n<\/ul>\n<ul>\n<li><strong>Large<\/strong> izm\u0113rs piem\u0113rots liel\u0101kiem mode\u013ciem, t\u0101diem k\u0101 Hercules.<\/li>\n<\/ul>\n","protected":false},"excerpt":{"rendered":"<p>Rezerves atspere Victorinox \u0160veices na\u017eu \u0161\u0137\u0113r\u012bt\u0113m. Pieejama divos izm\u0113ros gan lielajiem, gan ar\u012b mazajiem na\u017eiem. Specifik\u0101cija: Small izm\u0113rs piem\u0113rots mazajiem mode\u013ciem, t\u0101diem k\u0101 SD Classic, Rambler. Large izm\u0113rs piem\u0113rots liel\u0101kiem mode\u013ciem, t\u0101diem k\u0101 Hercules.<\/p>\n","protected":false},"featured_media":88041,"template":"","meta":[],"product_brand":[54],"product_cat":[3019,5097],"product_tag":[5420,5421,5422],"class_list":{"0":"post-88042","1":"product","2":"type-product","3":"status-publish","4":"has-post-thumbnail","6":"product_brand-victorinox","7":"product_cat-sveices-nazi","8":"product_cat-nazi-un-multitool","9":"product_tag-victorinox","10":"product_tag-victorinox-nazi","11":"product_tag-sveices-nazi","13":"first","14":"instock","15":"purchasable","16":"product-type-simple"},"_links":{"self":[{"href":"https:\/\/sezona.lv\/en\/wp-json\/wp\/v2\/product\/88042","targetHints":{"allow":["GET"]}}],"collection":[{"href":"https:\/\/sezona.lv\/en\/wp-json\/wp\/v2\/product"}],"about":[{"href":"https:\/\/sezona.lv\/en\/wp-json\/wp\/v2\/types\/product"}],"wp:featuredmedia":[{"embeddable":true,"href":"https:\/\/sezona.lv\/en\/wp-json\/wp\/v2\/media\/88041"}],"wp:attachment":[{"href":"https:\/\/sezona.lv\/en\/wp-json\/wp\/v2\/media?parent=88042"}],"wp:term":[{"taxonomy":"product_brand","embeddable":true,"href":"https:\/\/sezona.lv\/en\/wp-json\/wp\/v2\/product_brand?post=88042"},{"taxonomy":"product_cat","embeddable":true,"href":"https:\/\/sezona.lv\/en\/wp-json\/wp\/v2\/product_cat?post=88042"},{"taxonomy":"product_tag","embeddable":true,"href":"https:\/\/sezona.lv\/en\/wp-json\/wp\/v2\/product_tag?post=88042"}],"curies":[{"name":"wp","href":"https:\/\/api.w.org\/{rel}","templated":true}]}}