{"id":89092,"date":"2025-11-21T13:29:03","date_gmt":"2025-11-21T11:29:03","guid":{"rendered":"https:\/\/www3.sezona.lv\/?post_type=product&#038;p=89092"},"modified":"2025-11-21T13:29:04","modified_gmt":"2025-11-21T11:29:04","slug":"nazis-my-first-victorinox-2","status":"publish","type":"product","link":"https:\/\/sezona.lv\/en\/products\/nazis-my-first-victorinox-2\/","title":{"rendered":"Nazis My First Victorinox"},"content":{"rendered":"<p>Ori\u0123in\u0101lais \u0160veices nazis, kas paredz\u0113ts jaun\u0101kajiem piedz\u012bvojumu mekl\u0113t\u0101jiem- na\u017ea asmenis ir ar speci\u0101li noapa\u013cotu galu, lai samazin\u0101tu iesp\u0113ju sadurties, ta\u010du gan pats nazis, gan z\u0101\u0123is ir tie\u0161i tik pat ass, cik p\u0101r\u0113jie Victorinox instrumenti. Komplekt\u0101 ietilpst \u0137\u0113d\u012bte ar karab\u012bni un cilpa na\u017ea pakarin\u0101\u0161anai.<\/p>\n<h4>SPECIFIK\u0100CIJA:<\/h4>\n<p><strong>Materi\u0101ls:<\/strong>\u00a0ner\u016bs\u0113jo\u0161ais t\u0113rauds\u00a0<br \/><strong>Izm\u0113rs:<\/strong>\u00a084mm x\u00a014mm\u00a0<br \/><strong>Kr\u0101sa:<\/strong>\u00a0Sarkana\/zila<\/p>\n<h4>FUNKCIJAS:<\/h4>\n<p>1. Plakanais skr\u016bvgriezis\u00a0<br \/>2. Zobu bakst\u0101mais\u00a0<br \/>3. Pincet\u012bte\u00a0<br \/>7. Lielais asmens ar noapa\u013cotu galu<br \/>8. Pude\u013cu attais\u0101mais\u00a0<br \/>9. Z\u0101\u0123is kokam<\/p>\n","protected":false},"excerpt":{"rendered":"<p>Ori\u0123in\u0101lais \u0160veices nazis, kas paredz\u0113ts jaun\u0101kajiem piedz\u012bvojumu mekl\u0113t\u0101jiem- na\u017ea asmenis ir ar speci\u0101li noapa\u013cotu galu, lai samazin\u0101tu iesp\u0113ju sadurties, ta\u010du gan pats nazis, gan z\u0101\u0123is ir tie\u0161i tik pat ass, cik p\u0101r\u0113jie Victorinox instrumenti. Komplekt\u0101 ietilpst \u0137\u0113d\u012bte ar karab\u012bni un cilpa na\u017ea pakarin\u0101\u0161anai. SPECIFIK\u0100CIJA: Materi\u0101ls:\u00a0ner\u016bs\u0113jo\u0161ais t\u0113rauds\u00a0Izm\u0113rs:\u00a084mm x\u00a014mm\u00a0Kr\u0101sa:\u00a0Sarkana\/zila FUNKCIJAS: 1. Plakanais skr\u016bvgriezis\u00a02. Zobu bakst\u0101mais\u00a03. Pincet\u012bte\u00a07. Lielais [&hellip;]<\/p>\n","protected":false},"featured_media":89090,"template":"","meta":[],"product_brand":[54],"product_cat":[3019,5097],"product_tag":[5420,5421,5422],"class_list":{"0":"post-89092","1":"product","2":"type-product","3":"status-publish","4":"has-post-thumbnail","6":"product_brand-victorinox","7":"product_cat-sveices-nazi","8":"product_cat-nazi-un-multitool","9":"product_tag-victorinox","10":"product_tag-victorinox-nazi","11":"product_tag-sveices-nazi","13":"first","14":"outofstock","15":"purchasable","16":"product-type-simple"},"_links":{"self":[{"href":"https:\/\/sezona.lv\/en\/wp-json\/wp\/v2\/product\/89092","targetHints":{"allow":["GET"]}}],"collection":[{"href":"https:\/\/sezona.lv\/en\/wp-json\/wp\/v2\/product"}],"about":[{"href":"https:\/\/sezona.lv\/en\/wp-json\/wp\/v2\/types\/product"}],"wp:featuredmedia":[{"embeddable":true,"href":"https:\/\/sezona.lv\/en\/wp-json\/wp\/v2\/media\/89090"}],"wp:attachment":[{"href":"https:\/\/sezona.lv\/en\/wp-json\/wp\/v2\/media?parent=89092"}],"wp:term":[{"taxonomy":"product_brand","embeddable":true,"href":"https:\/\/sezona.lv\/en\/wp-json\/wp\/v2\/product_brand?post=89092"},{"taxonomy":"product_cat","embeddable":true,"href":"https:\/\/sezona.lv\/en\/wp-json\/wp\/v2\/product_cat?post=89092"},{"taxonomy":"product_tag","embeddable":true,"href":"https:\/\/sezona.lv\/en\/wp-json\/wp\/v2\/product_tag?post=89092"}],"curies":[{"name":"wp","href":"https:\/\/api.w.org\/{rel}","templated":true}]}}