{"id":89195,"date":"2025-11-21T13:29:03","date_gmt":"2025-11-21T11:29:03","guid":{"rendered":"https:\/\/www3.sezona.lv\/?post_type=product&#038;p=89195"},"modified":"2025-11-21T13:29:03","modified_gmt":"2025-11-21T11:29:03","slug":"zobu-bakstamais-toothpick-2","status":"publish","type":"product","link":"https:\/\/sezona.lv\/en\/products\/zobu-bakstamais-toothpick-2\/","title":{"rendered":"Zobu bakst\u0101mais Toothpick"},"content":{"rendered":"<p>Rezerves zobu bakst\u0101mais Victorinox \u0160veices na\u017eiem. Pieejams divos izm\u0113ros.<\/p>\n<h4>Specifik\u0101cija:<\/h4>\n<\/p>\n<ul>\n<li><strong>Small<\/strong> izm\u0113rs paredz\u0113ts Classic mode\u013ciem ar izm\u0113ru 58mm, 65mm, 74mm<\/li>\n<li><strong>Large<\/strong> izm\u0113rs paredz\u0113ts Soak, MT, Evolution un Ranger Grip mode\u013ciem<\/li>\n<\/ul>\n","protected":false},"excerpt":{"rendered":"<p>Rezerves zobu bakst\u0101mais Victorinox \u0160veices na\u017eiem. Pieejams divos izm\u0113ros. Specifik\u0101cija: Small izm\u0113rs paredz\u0113ts Classic mode\u013ciem ar izm\u0113ru 58mm, 65mm, 74mm Large izm\u0113rs paredz\u0113ts Soak, MT, Evolution un Ranger Grip mode\u013ciem<\/p>\n","protected":false},"featured_media":89196,"template":"","meta":[],"product_brand":[54],"product_cat":[3019,5097],"product_tag":[5420,5421,5422],"class_list":{"0":"post-89195","1":"product","2":"type-product","3":"status-publish","4":"has-post-thumbnail","6":"product_brand-victorinox","7":"product_cat-sveices-nazi","8":"product_cat-nazi-un-multitool","9":"product_tag-victorinox","10":"product_tag-victorinox-nazi","11":"product_tag-sveices-nazi","13":"first","14":"instock","15":"purchasable","16":"product-type-simple"},"_links":{"self":[{"href":"https:\/\/sezona.lv\/en\/wp-json\/wp\/v2\/product\/89195","targetHints":{"allow":["GET"]}}],"collection":[{"href":"https:\/\/sezona.lv\/en\/wp-json\/wp\/v2\/product"}],"about":[{"href":"https:\/\/sezona.lv\/en\/wp-json\/wp\/v2\/types\/product"}],"wp:featuredmedia":[{"embeddable":true,"href":"https:\/\/sezona.lv\/en\/wp-json\/wp\/v2\/media\/89196"}],"wp:attachment":[{"href":"https:\/\/sezona.lv\/en\/wp-json\/wp\/v2\/media?parent=89195"}],"wp:term":[{"taxonomy":"product_brand","embeddable":true,"href":"https:\/\/sezona.lv\/en\/wp-json\/wp\/v2\/product_brand?post=89195"},{"taxonomy":"product_cat","embeddable":true,"href":"https:\/\/sezona.lv\/en\/wp-json\/wp\/v2\/product_cat?post=89195"},{"taxonomy":"product_tag","embeddable":true,"href":"https:\/\/sezona.lv\/en\/wp-json\/wp\/v2\/product_tag?post=89195"}],"curies":[{"name":"wp","href":"https:\/\/api.w.org\/{rel}","templated":true}]}}