{"id":90004,"date":"2026-02-24T10:04:58","date_gmt":"2026-02-24T08:04:58","guid":{"rendered":"https:\/\/www3.sezona.lv\/?post_type=product&#038;p=90004"},"modified":"2026-02-24T10:05:05","modified_gmt":"2026-02-24T08:05:05","slug":"gazes-balons-jetpower-mix-100g","status":"publish","type":"product","link":"https:\/\/sezona.lv\/en\/products\/gazes-balons-jetpower-mix-100g\/","title":{"rendered":"G\u0101zes balons JETPOWER MIX 100g"},"content":{"rendered":"<p><span class=\"tlid-translation translation\" lang=\"lv\"><span title=\"\">Augstas veiktsp\u0113jas prop\u0101na \/ izobut\u0101na \u010detru sezonu degviela, kas nodro\u0161ina augst\u0101ku tvaika spiedienu, lai uzlabotu sniegumu aukst\u0101 laik\u0101. <span class=\"tlid-translation translation\" lang=\"lv\"><span title=\"\">Maksim\u0101la efektivit\u0101te un minim\u0101ls pat\u0113ri\u0146\u0161. <\/span><\/span><br \/><\/span><\/span><\/p>\n<p>&#013;<\/p>\n<h4><span class=\"tlid-translation translation\" lang=\"lv\"><span title=\"\"><span class=\"tlid-translation translation\" lang=\"lv\"><span title=\"\">Specifik\u0101cija:<\/span><\/span><\/span><\/span><\/h4>\n<p>&#013;<\/p>\n<table style=\"height: 80px\" width=\"568\">&#013;<\/p>\n<tbody>&#013;<\/p>\n<tr>&#013;<\/p>\n<td><strong>Tilpums:<\/strong><\/td>\n<p>&#013;<\/p>\n<td>100g<\/td>\n<p>&#013;<br \/>\n<\/tr>\n<p>&#013;<\/p>\n<tr>&#013;<\/p>\n<td><strong>Svars:<\/strong><\/td>\n<p>&#013;<\/p>\n<td>199g<\/td>\n<p>&#013;<br \/>\n<\/tr>\n<p>&#013;<\/p>\n<tr>&#013;<\/p>\n<td><strong>Izm\u0113ri:<\/strong><\/td>\n<p>&#013;<\/p>\n<td>9x7cm<\/td>\n<p>&#013;<br \/>\n<\/tr>\n<p>&#013;<\/p>\n<tr>&#013;<\/p>\n<td><strong>Tips:<\/strong><\/td>\n<p>&#013;<\/p>\n<td>V\u012btnes tipa balons<\/td>\n<p>&#013;<br \/>\n<\/tr>\n<p>&#013;<br \/>\n<\/tbody>\n<p>&#013;<br \/>\n<\/table>\n","protected":false},"excerpt":{"rendered":"<p>Augstas veiktsp\u0113jas prop\u0101na \/ izobut\u0101na \u010detru sezonu degviela, kas nodro\u0161ina augst\u0101ku tvaika spiedienu, lai uzlabotu sniegumu aukst\u0101 laik\u0101. Maksim\u0101la efektivit\u0101te un minim\u0101ls pat\u0113ri\u0146\u0161. &#013; Specifik\u0101cija: &#013; &#013; &#013; &#013; Tilpums: &#013; 100g &#013; &#013; &#013; Svars: &#013; 199g &#013; &#013; &#013; Izm\u0113ri: &#013; 9x7cm &#013; &#013; &#013; Tips: &#013; V\u012btnes tipa balons &#013; &#013; &#013;<\/p>\n","protected":false},"featured_media":90005,"template":"","meta":[],"product_brand":[935],"product_cat":[5090],"product_tag":[],"class_list":{"0":"post-90004","1":"product","2":"type-product","3":"status-publish","4":"has-post-thumbnail","6":"product_brand-jetboil","7":"product_cat-degli-un-degviela","9":"first","10":"instock","11":"purchasable","12":"product-type-simple"},"_links":{"self":[{"href":"https:\/\/sezona.lv\/en\/wp-json\/wp\/v2\/product\/90004","targetHints":{"allow":["GET"]}}],"collection":[{"href":"https:\/\/sezona.lv\/en\/wp-json\/wp\/v2\/product"}],"about":[{"href":"https:\/\/sezona.lv\/en\/wp-json\/wp\/v2\/types\/product"}],"wp:featuredmedia":[{"embeddable":true,"href":"https:\/\/sezona.lv\/en\/wp-json\/wp\/v2\/media\/90005"}],"wp:attachment":[{"href":"https:\/\/sezona.lv\/en\/wp-json\/wp\/v2\/media?parent=90004"}],"wp:term":[{"taxonomy":"product_brand","embeddable":true,"href":"https:\/\/sezona.lv\/en\/wp-json\/wp\/v2\/product_brand?post=90004"},{"taxonomy":"product_cat","embeddable":true,"href":"https:\/\/sezona.lv\/en\/wp-json\/wp\/v2\/product_cat?post=90004"},{"taxonomy":"product_tag","embeddable":true,"href":"https:\/\/sezona.lv\/en\/wp-json\/wp\/v2\/product_tag?post=90004"}],"curies":[{"name":"wp","href":"https:\/\/api.w.org\/{rel}","templated":true}]}}