{"id":93480,"date":"2025-11-21T13:29:02","date_gmt":"2025-11-21T11:29:02","guid":{"rendered":"https:\/\/www3.sezona.lv\/?post_type=product&#038;p=93480"},"modified":"2025-11-21T13:29:02","modified_gmt":"2025-11-21T11:29:02","slug":"nazis-classic-sd-limited-edition-4","status":"publish","type":"product","link":"https:\/\/sezona.lv\/en\/products\/nazis-classic-sd-limited-edition-4\/","title":{"rendered":"Nazis Classic SD Limited Edition"},"content":{"rendered":"<div class=\"rte\">\n<p>Victorinox Classic nazis no Limited Edition gada kolekcijas.<\/p>\n<h4><span lang=\"lv\"><span>Specifik\u0101cija:<\/span><\/span><\/h4>\n<table style=\"height:59px\" width=\"577\">\n<tbody>\n<tr>\n<td><strong>Svars:<\/strong><\/td>\n<td>21 grams<\/td>\n<\/tr>\n<tr>\n<td><strong>Izm\u0113rs:<\/strong><\/td>\n<td>9 x 58 mm<\/td>\n<\/tr>\n<\/tbody>\n<\/table>\n<h4>Funkcijas:<\/h4>\n<ol>\n<li>Mazs asmens<\/li>\n<li>\u0160\u0137\u0113res<\/li>\n<li>Nagu v\u012ble<\/li>\n<li>2,5mm skr\u016bvgriezis<\/li>\n<li>Ri\u0146\u0137is atsl\u0113g\u0101m<\/li>\n<li>Zobu bakst\u0101mais<\/li>\n<li>Pincete<\/li>\n<\/ol>\n<p><\/div>\n","protected":false},"excerpt":{"rendered":"<p>Victorinox Classic nazis no Limited Edition gada kolekcijas. Specifik\u0101cija: Svars: 21 grams Izm\u0113rs: 9 x 58 mm Funkcijas: Mazs asmens \u0160\u0137\u0113res Nagu v\u012ble 2,5mm skr\u016bvgriezis Ri\u0146\u0137is atsl\u0113g\u0101m Zobu bakst\u0101mais Pincete<\/p>\n","protected":false},"featured_media":93481,"template":"","meta":[],"product_brand":[54],"product_cat":[3019,5097],"product_tag":[5420,5421,5422],"class_list":{"0":"post-93480","1":"product","2":"type-product","3":"status-publish","4":"has-post-thumbnail","6":"product_brand-victorinox","7":"product_cat-sveices-nazi","8":"product_cat-nazi-un-multitool","9":"product_tag-victorinox","10":"product_tag-victorinox-nazi","11":"product_tag-sveices-nazi","13":"first","14":"outofstock","15":"purchasable","16":"product-type-simple"},"_links":{"self":[{"href":"https:\/\/sezona.lv\/en\/wp-json\/wp\/v2\/product\/93480","targetHints":{"allow":["GET"]}}],"collection":[{"href":"https:\/\/sezona.lv\/en\/wp-json\/wp\/v2\/product"}],"about":[{"href":"https:\/\/sezona.lv\/en\/wp-json\/wp\/v2\/types\/product"}],"wp:featuredmedia":[{"embeddable":true,"href":"https:\/\/sezona.lv\/en\/wp-json\/wp\/v2\/media\/93481"}],"wp:attachment":[{"href":"https:\/\/sezona.lv\/en\/wp-json\/wp\/v2\/media?parent=93480"}],"wp:term":[{"taxonomy":"product_brand","embeddable":true,"href":"https:\/\/sezona.lv\/en\/wp-json\/wp\/v2\/product_brand?post=93480"},{"taxonomy":"product_cat","embeddable":true,"href":"https:\/\/sezona.lv\/en\/wp-json\/wp\/v2\/product_cat?post=93480"},{"taxonomy":"product_tag","embeddable":true,"href":"https:\/\/sezona.lv\/en\/wp-json\/wp\/v2\/product_tag?post=93480"}],"curies":[{"name":"wp","href":"https:\/\/api.w.org\/{rel}","templated":true}]}}