{"id":93681,"date":"2025-11-21T13:29:01","date_gmt":"2025-11-21T11:29:01","guid":{"rendered":"https:\/\/www3.sezona.lv\/?post_type=product&#038;p=93681"},"modified":"2025-11-21T13:29:01","modified_gmt":"2025-11-21T11:29:01","slug":"naza-maks-belt-pouch-4-6-layers","status":"publish","type":"product","link":"https:\/\/sezona.lv\/en\/products\/naza-maks-belt-pouch-4-6-layers\/","title":{"rendered":"Na\u017ea maks Belt pouch, 4-6 layers"},"content":{"rendered":"<p>\u0100das maci\u0146\u0161 Victorinox lielajiem na\u017eiem. Viegli un \u0113rti piestiprin\u0101ms. Piem\u0113rots 4-6 sl\u0101\u0146u na\u017eiem.<\/p>\n<h4>Specifik\u0101cija:<\/h4>\n<table style=\"height:61px\" width=\"560\">\n<tbody>\n<tr>\n<td><strong>Izm\u0113rs:<\/strong><\/td>\n<td>130x40mm<\/td>\n<\/tr>\n<tr>\n<td><strong>Svars:<\/strong><\/td>\n<td>44g<\/td>\n<\/tr>\n<tr>\n<td><strong>Materi\u0101ls:<\/strong><\/td>\n<td>\u0100da<\/td>\n<\/tr>\n<\/tbody>\n<\/table>\n","protected":false},"excerpt":{"rendered":"<p>\u0100das maci\u0146\u0161 Victorinox lielajiem na\u017eiem. Viegli un \u0113rti piestiprin\u0101ms. Piem\u0113rots 4-6 sl\u0101\u0146u na\u017eiem. Specifik\u0101cija: Izm\u0113rs: 130x40mm Svars: 44g Materi\u0101ls: \u0100da<\/p>\n","protected":false},"featured_media":93682,"template":"","meta":[],"product_brand":[54],"product_cat":[3019,5097],"product_tag":[5420,5421,5422],"class_list":{"0":"post-93681","1":"product","2":"type-product","3":"status-publish","4":"has-post-thumbnail","6":"product_brand-victorinox","7":"product_cat-sveices-nazi","8":"product_cat-nazi-un-multitool","9":"product_tag-victorinox","10":"product_tag-victorinox-nazi","11":"product_tag-sveices-nazi","13":"first","14":"outofstock","15":"purchasable","16":"product-type-simple"},"_links":{"self":[{"href":"https:\/\/sezona.lv\/en\/wp-json\/wp\/v2\/product\/93681","targetHints":{"allow":["GET"]}}],"collection":[{"href":"https:\/\/sezona.lv\/en\/wp-json\/wp\/v2\/product"}],"about":[{"href":"https:\/\/sezona.lv\/en\/wp-json\/wp\/v2\/types\/product"}],"wp:featuredmedia":[{"embeddable":true,"href":"https:\/\/sezona.lv\/en\/wp-json\/wp\/v2\/media\/93682"}],"wp:attachment":[{"href":"https:\/\/sezona.lv\/en\/wp-json\/wp\/v2\/media?parent=93681"}],"wp:term":[{"taxonomy":"product_brand","embeddable":true,"href":"https:\/\/sezona.lv\/en\/wp-json\/wp\/v2\/product_brand?post=93681"},{"taxonomy":"product_cat","embeddable":true,"href":"https:\/\/sezona.lv\/en\/wp-json\/wp\/v2\/product_cat?post=93681"},{"taxonomy":"product_tag","embeddable":true,"href":"https:\/\/sezona.lv\/en\/wp-json\/wp\/v2\/product_tag?post=93681"}],"curies":[{"name":"wp","href":"https:\/\/api.w.org\/{rel}","templated":true}]}}