{"id":94415,"date":"2025-11-21T13:28:58","date_gmt":"2025-11-21T11:28:58","guid":{"rendered":"https:\/\/www3.sezona.lv\/?post_type=product&#038;p=94415"},"modified":"2025-11-21T13:28:58","modified_gmt":"2025-11-21T11:28:58","slug":"nazis-classic-sd-gift-box","status":"publish","type":"product","link":"https:\/\/sezona.lv\/en\/products\/nazis-classic-sd-gift-box\/","title":{"rendered":"Nazis Classic SD Gift Box"},"content":{"rendered":"<div class=\"rte\">&#013;<\/p>\n<p>Victorinox Classic univers\u0101lais mazais kabatas nazis. Multifunkcion\u0101ls nazis Victorinox Classic apvieno sev\u012b 6 da\u017e\u0101das funkcijas.<\/p>\n<p>&#013;<\/p>\n<h4>Funkcija:<\/h4>\n<p>&#013;<\/p>\n<ol>&#013;<\/p>\n<li>Zobu bakst\u0101mais<\/li>\n<p>&#013;<\/p>\n<li>\u0160\u0137\u0113res<\/li>\n<p>&#013;<\/p>\n<li>Pincete<\/li>\n<p>&#013;<\/p>\n<li>Nagu v\u012ble<\/li>\n<p>&#013;<\/p>\n<li>2.5mm skr\u016bvgriezis<\/li>\n<p>&#013;<\/p>\n<li>Mazs asmens<\/li>\n<p>&#013;<\/p>\n<li>Ri\u0146\u0137is atsl\u0113g\u0101m<\/li>\n<p>&#013;\n<\/ol>\n<p>&#013;<\/p>\n<h4>Specifik\u0101cija:<\/h4>\n<p>&#013;<\/p>\n<table style=\"height: 61px\" width=\"604\">&#013;<\/p>\n<tbody>&#013;<\/p>\n<tr>&#013;<\/p>\n<td><strong>Asmenis:<\/strong><\/td>\n<p>&#013;<\/p>\n<td>ner\u016bs\u0113jo\u0161\u0101 t\u0113rauda<\/td>\n<p>&#013;<br \/>\n<\/tr>\n<p>&#013;<\/p>\n<tr>&#013;<\/p>\n<td><strong>Garums:<\/strong><\/td>\n<p>&#013;<\/p>\n<td>58mm<\/td>\n<p>&#013;<br \/>\n<\/tr>\n<p>&#013;<\/p>\n<tr>&#013;<\/p>\n<td><strong>Platums:<\/strong><\/td>\n<p>&#013;<\/p>\n<td>18mm<\/td>\n<p>&#013;<br \/>\n<\/tr>\n<p>&#013;<\/p>\n<tr>&#013;<\/p>\n<td><strong><strong>Augstums:<\/strong><\/strong><\/td>\n<p>&#013;<\/p>\n<td>9mm<\/td>\n<p>&#013;<br \/>\n<\/tr>\n<p>&#013;<\/p>\n<tr>&#013;<\/p>\n<td><strong><strong>Svars:<\/strong><\/strong><\/td>\n<p>&#013;<\/p>\n<td>21g<\/td>\n<p>&#013;<br \/>\n<\/tr>\n<p>&#013;<br \/>\n<\/tbody>\n<p>&#013;<br \/>\n<\/table>\n<p>&#013;<\/p>\n<p>&#013;\n<\/p><\/div>\n","protected":false},"excerpt":{"rendered":"<p>&#013; Victorinox Classic univers\u0101lais mazais kabatas nazis. Multifunkcion\u0101ls nazis Victorinox Classic apvieno sev\u012b 6 da\u017e\u0101das funkcijas. &#013; Funkcija: &#013; &#013; Zobu bakst\u0101mais &#013; \u0160\u0137\u0113res &#013; Pincete &#013; Nagu v\u012ble &#013; 2.5mm skr\u016bvgriezis &#013; Mazs asmens &#013; Ri\u0146\u0137is atsl\u0113g\u0101m &#013; &#013; Specifik\u0101cija: &#013; &#013; &#013; &#013; Asmenis: &#013; ner\u016bs\u0113jo\u0161\u0101 t\u0113rauda &#013; &#013; &#013; Garums: &#013; 58mm [&hellip;]<\/p>\n","protected":false},"featured_media":94409,"template":"","meta":[],"product_brand":[54],"product_cat":[3019,5097],"product_tag":[5420,5421,5422],"class_list":{"0":"post-94415","1":"product","2":"type-product","3":"status-publish","4":"has-post-thumbnail","6":"product_brand-victorinox","7":"product_cat-sveices-nazi","8":"product_cat-nazi-un-multitool","9":"product_tag-victorinox","10":"product_tag-victorinox-nazi","11":"product_tag-sveices-nazi","13":"first","14":"instock","15":"purchasable","16":"product-type-simple"},"_links":{"self":[{"href":"https:\/\/sezona.lv\/en\/wp-json\/wp\/v2\/product\/94415","targetHints":{"allow":["GET"]}}],"collection":[{"href":"https:\/\/sezona.lv\/en\/wp-json\/wp\/v2\/product"}],"about":[{"href":"https:\/\/sezona.lv\/en\/wp-json\/wp\/v2\/types\/product"}],"wp:featuredmedia":[{"embeddable":true,"href":"https:\/\/sezona.lv\/en\/wp-json\/wp\/v2\/media\/94409"}],"wp:attachment":[{"href":"https:\/\/sezona.lv\/en\/wp-json\/wp\/v2\/media?parent=94415"}],"wp:term":[{"taxonomy":"product_brand","embeddable":true,"href":"https:\/\/sezona.lv\/en\/wp-json\/wp\/v2\/product_brand?post=94415"},{"taxonomy":"product_cat","embeddable":true,"href":"https:\/\/sezona.lv\/en\/wp-json\/wp\/v2\/product_cat?post=94415"},{"taxonomy":"product_tag","embeddable":true,"href":"https:\/\/sezona.lv\/en\/wp-json\/wp\/v2\/product_tag?post=94415"}],"curies":[{"name":"wp","href":"https:\/\/api.w.org\/{rel}","templated":true}]}}