{"id":98494,"date":"2025-11-21T13:28:56","date_gmt":"2025-11-21T11:28:56","guid":{"rendered":"https:\/\/www3.sezona.lv\/?post_type=product&#038;p=98494"},"modified":"2025-11-21T13:28:58","modified_gmt":"2025-11-21T11:28:58","slug":"nazis-venture","status":"publish","type":"product","link":"https:\/\/sezona.lv\/en\/products\/nazis-venture\/","title":{"rendered":"Nazis VENTURE"},"content":{"rendered":"<p>Victorinox Venture buschcrrafta nazis, ko veidoju\u0161i outdoor eksperi. Asmens forma prec\u012bzai greb\u0161anai, 90\u00b0 muguri\u0146a, krama \u0161\u0137il\u0161anai un aizsargmaci\u0146\u0161.<\/p>\n<p>&#013;<\/p>\n<h4>Specifik\u0101cija:<\/h4>\n<p>&#013;<\/p>\n<table width=\"618\">&#013;<\/p>\n<tbody>&#013;<\/p>\n<tr>&#013;<\/p>\n<td><strong>Svars:<\/strong><\/td>\n<p>&#013;<\/p>\n<td>152g<\/td>\n<p>&#013;<br \/>\n<\/tr>\n<p>&#013;<\/p>\n<tr>&#013;<\/p>\n<td><strong>Garums:<\/strong><\/td>\n<p>&#013;<\/p>\n<td>233mm<\/td>\n<p>&#013;<br \/>\n<\/tr>\n<p>&#013;<\/p>\n<tr>&#013;<\/p>\n<td><strong>Asmens:<\/strong><\/td>\n<p>&#013;<\/p>\n<td>10.5cm<\/td>\n<p>&#013;<br \/>\n<\/tr>\n<p>&#013;<br \/>\n<\/tbody>\n<p>&#013;<br \/>\n<\/table>\n","protected":false},"excerpt":{"rendered":"<p>Victorinox Venture buschcrrafta nazis, ko veidoju\u0161i outdoor eksperi. Asmens forma prec\u012bzai greb\u0161anai, 90\u00b0 muguri\u0146a, krama \u0161\u0137il\u0161anai un aizsargmaci\u0146\u0161. &#013; Specifik\u0101cija: &#013; &#013; &#013; &#013; Svars: &#013; 152g &#013; &#013; &#013; Garums: &#013; 233mm &#013; &#013; &#013; Asmens: &#013; 10.5cm &#013; &#013; &#013;<\/p>\n","protected":false},"featured_media":98495,"template":"","meta":[],"product_brand":[54],"product_cat":[3019,5097],"product_tag":[5420,5421,5422],"class_list":{"0":"post-98494","1":"product","2":"type-product","3":"status-publish","4":"has-post-thumbnail","6":"product_brand-victorinox","7":"product_cat-sveices-nazi","8":"product_cat-nazi-un-multitool","9":"product_tag-victorinox","10":"product_tag-victorinox-nazi","11":"product_tag-sveices-nazi","13":"first","14":"instock","15":"purchasable","16":"product-type-simple"},"_links":{"self":[{"href":"https:\/\/sezona.lv\/en\/wp-json\/wp\/v2\/product\/98494","targetHints":{"allow":["GET"]}}],"collection":[{"href":"https:\/\/sezona.lv\/en\/wp-json\/wp\/v2\/product"}],"about":[{"href":"https:\/\/sezona.lv\/en\/wp-json\/wp\/v2\/types\/product"}],"wp:featuredmedia":[{"embeddable":true,"href":"https:\/\/sezona.lv\/en\/wp-json\/wp\/v2\/media\/98495"}],"wp:attachment":[{"href":"https:\/\/sezona.lv\/en\/wp-json\/wp\/v2\/media?parent=98494"}],"wp:term":[{"taxonomy":"product_brand","embeddable":true,"href":"https:\/\/sezona.lv\/en\/wp-json\/wp\/v2\/product_brand?post=98494"},{"taxonomy":"product_cat","embeddable":true,"href":"https:\/\/sezona.lv\/en\/wp-json\/wp\/v2\/product_cat?post=98494"},{"taxonomy":"product_tag","embeddable":true,"href":"https:\/\/sezona.lv\/en\/wp-json\/wp\/v2\/product_tag?post=98494"}],"curies":[{"name":"wp","href":"https:\/\/api.w.org\/{rel}","templated":true}]}}